{"id":6550,"date":"2026-01-16T06:07:58","date_gmt":"2026-01-16T06:07:58","guid":{"rendered":"https:\/\/jobcenter.lra-sm.de\/?page_id=6550"},"modified":"2026-01-16T09:23:59","modified_gmt":"2026-01-16T09:23:59","slug":"direktzahlung-kdu-und-heizung","status":"publish","type":"page","link":"https:\/\/jobcenter.lra-sm.de\/?page_id=6550","title":{"rendered":"Infos an Vermieter zu Direktzahlung KdU und Heizung"},"content":{"rendered":"<p><strong>\u00c4nderungen Direktzahlungen Kosten der Unterkunft und Heizung<\/strong><\/p>\n<p>Wir m\u00f6chten Sie hiermit \u00fcber eine notwendige \u00c4nderung im Verfahren zur Direktzahlung der Kosten f\u00fcr Unterkunft und Heizung nach \u00a7\u202f22 SGB\u202fII informieren.<\/p>\n<p>Die bisher sehr dienstleistungsorientierte Rechtsauslegung in der Verwaltungspraxis des Kommunalen Jobcenters Schmalkalden-Meiningen zur Direktzahlung der Miete bzw. Kosten der Unterkunft und Heizung an Sie als Vermieter entspricht nicht den gesetzlichen Regelungen. Im Rahmen einer Pr\u00fcfung durch unsere Rechtsaufsichtsbeh\u00f6rde dem Th\u00fcringer Landesverwaltungsamt und der zust\u00e4ndigen Landesbeh\u00f6rde wurden wir aufgefordert, ab sofort die gesetzlichen Regelungen umzusetzen und die bisherige Praxis aufzugeben.<\/p>\n<p>Nach den gesetzlichen Bestimmungen des \u00a7 22 SGB II erfolgt die Zahlung der Leistungen f\u00fcr Unterkunft und Heizung grunds\u00e4tzlich an die leistungsberechtigte Person. Eine Direkt\u00fcber-weisung an den Vermieter ist nur in besonderen F\u00e4llen vorgesehen, insbesondere wenn:<\/p>\n<p>&#8211; Mietschulden bestehen die zu einer au\u00dferordentlichen K\u00fcndigung des Mietverh\u00e4ltnisses berechtigen<br \/>\n&#8211; die zweckentsprechende Verwendung der Leistungen aufgrund in der Person liegender Gr\u00fcnde nicht sichergestellt ist<\/p>\n<p>F\u00fcr Ihr Mietverh\u00e4ltnis bedeutet dies, dass die Mietzahlungen k\u00fcnftig nicht mehr automatisch durch das Kommunale Jobcenter direkt an Sie \u00fcberwiesen werden. Stattdessen erh\u00e4lt die leistungsberechtigte Person die Leistungen und ist verpflichtet, die Miete selbst an Sie zu entrichten bzw. k\u00f6nnen Sie verlangen, dies \u00fcber eine Einzugserm\u00e4chtigung zu regeln.<\/p>\n<p>Der <a href=\"https:\/\/jobcenter.lra-sm.de\/wp-content\/uploads\/2026\/01\/Hinweise-fuer-Vermieter-von-Leistungsbeziehern-nach-dem-SGB-II-geaendert.pdf\" download=\"\">Anlage<\/a> k\u00f6nnen Sie ausf\u00fchrliche Hinweise entnehmen.<\/p>\n","protected":false},"excerpt":{"rendered":"\u00c4nderungen Direktzahlungen Kosten der Unterkunft und Heizung Wir m\u00f6chten Sie hiermit \u00fcber eine notwendige \u00c4nderung im Verfahren zur Direktzahlung der Kosten f\u00fcr Unterkunft und Heizung nach \u00a7\u202f22 SGB\u202fII informieren. Die bisher sehr dienstleistungsorientierte Rechtsauslegung in der Verwaltungspraxis des Kommunalen Jobcenters Schmalkalden-Meiningen zur Direktzahlung der Miete bzw. Kosten der Unterkunft und Heizung an Sie als Vermieter [&hellip;]","protected":false},"author":5,"featured_media":0,"parent":0,"menu_order":0,"comment_status":"closed","ping_status":"closed","template":"","meta":{"_et_pb_use_builder":"","_et_pb_old_content":"","_et_gb_content_width":"","footnotes":""},"class_list":["post-6550","page","type-page","status-publish","hentry"],"_links":{"self":[{"href":"https:\/\/jobcenter.lra-sm.de\/index.php?rest_route=\/wp\/v2\/pages\/6550","targetHints":{"allow":["GET"]}}],"collection":[{"href":"https:\/\/jobcenter.lra-sm.de\/index.php?rest_route=\/wp\/v2\/pages"}],"about":[{"href":"https:\/\/jobcenter.lra-sm.de\/index.php?rest_route=\/wp\/v2\/types\/page"}],"author":[{"embeddable":true,"href":"https:\/\/jobcenter.lra-sm.de\/index.php?rest_route=\/wp\/v2\/users\/5"}],"replies":[{"embeddable":true,"href":"https:\/\/jobcenter.lra-sm.de\/index.php?rest_route=%2Fwp%2Fv2%2Fcomments&post=6550"}],"version-history":[{"count":7,"href":"https:\/\/jobcenter.lra-sm.de\/index.php?rest_route=\/wp\/v2\/pages\/6550\/revisions"}],"predecessor-version":[{"id":6559,"href":"https:\/\/jobcenter.lra-sm.de\/index.php?rest_route=\/wp\/v2\/pages\/6550\/revisions\/6559"}],"wp:attachment":[{"href":"https:\/\/jobcenter.lra-sm.de\/index.php?rest_route=%2Fwp%2Fv2%2Fmedia&parent=6550"}],"curies":[{"name":"wp","href":"https:\/\/api.w.org\/{rel}","templated":true}]}}