{"id":5393,"date":"2022-03-03T08:44:55","date_gmt":"2022-03-03T08:44:55","guid":{"rendered":"https:\/\/jobcenter.lra-sm.de\/?page_id=5393"},"modified":"2022-03-03T15:04:20","modified_gmt":"2022-03-03T15:04:20","slug":"bahn-frei-fuer-quereinstieg-lokfuehrerin","status":"publish","type":"page","link":"https:\/\/jobcenter.lra-sm.de\/?page_id=5393","title":{"rendered":"Bahn frei f\u00fcr Quereinstieg: Lokf\u00fchrer*in"},"content":{"rendered":"<p><iframe loading=\"lazy\" title=\"YouTube video player\" src=\"https:\/\/www.youtube-nocookie.com\/embed\/CZJJJd-s_gs?controls=0\" width=\"560\" height=\"315\" frameborder=\"0\" allowfullscreen=\"allowfullscreen\"><\/iframe><\/p>\n<blockquote><p>&#8222;&#8230;Wir machen Bock auf Lok.&#8220;<\/p><\/blockquote>\n<p>Mit diesem Slogan wirbt SBH S\u00fcdost f\u00fcr eine Modulare Weiterbildung zum Triebfahrzeugf\u00fchrer (m\/w\/d), einem Job mit Perspektive.<\/p>\n<p><strong>&#8222;Die anspruchsvolle Weiterbildung zum Lokf\u00fchrer lohnt die pers\u00f6nliche M\u00fche: Ihnen winkt anschlie\u00dfend ein sicherer und gut bezahlter<\/strong> <strong>Job!&#8220;<\/strong>, hei\u00dft es auf der <a href=\"https:\/\/www.bockauflok-sbh.de\/angebote\/lokfuehrer\">Webseite des Unternehmens<\/a> , das beste Chancen f\u00fcr eine Anstellung in einem Eisenbahnverkehrsunternehmen (EVU) sieht. Denn der gro\u00dfe Mangel an Fachkr\u00e4ften in diesem Bereich rei\u00dfe in den kommenden Jahren nicht ab, sch\u00e4tzt der Bildungsdienstleister SBH S\u00fcdost ein. Man m\u00fcsse allerdings zeitlich flexibel sein, denn Lokf\u00fchrer (m\/w\/d) arbeiten im Schichtdienst und fahren auch am Wochenende. Als Ausgleich w\u00fcrde dieser Einsatz zus\u00e4tzlich zum Grundgehalt mit extra Zuschl\u00e4gen verg\u00fctet.<\/p>\n<div id=\"attachment_5419\" style=\"width: 243px\" class=\"wp-caption alignright\"><a href=\"https:\/\/jobcenter.lra-sm.de\/wp-content\/uploads\/2022\/03\/IMG_9130-scaled.jpg\"><img loading=\"lazy\" decoding=\"async\" aria-describedby=\"caption-attachment-5419\" class=\"wp-image-5419 size-medium\" src=\"https:\/\/jobcenter.lra-sm.de\/wp-content\/uploads\/2022\/03\/IMG_9130-233x300.jpg\" alt=\"\" width=\"233\" height=\"300\" \/><\/a><p id=\"caption-attachment-5419\" class=\"wp-caption-text\">Foto: SBH S\u00fcdost GmbH<\/p><\/div>\n<p><strong>&#8222;Ein schneller Weg in diesen Beruf f\u00fchrt \u00fcber eine Weiterbildung von 12 Monaten<\/strong>.&#8220;, sagt das Unternehmen und verspricht, das n\u00f6tige Know-how f\u00fcr diesen Job zu vermitteln, wenn eine interessierte Person die psychische und k\u00f6rperliche Eignung mitbringt. Unterst\u00fctzt w\u00fcrde dabei mit vielen technischen und fachlichen Mitteln.<\/p>\n<p>In dieser modularen Weiterbildung werden die beruflichen Kompetenzen f\u00fcr das sichere F\u00fchren von Triebfahrzeugen vermittelt. Neben dem Zusammenstellen von Z\u00fcgen und der \u00dcberpr\u00fcfung der Betriebssicherheit erlerne man beispielsweise auch, wie man sich in Regelf\u00e4llen sowie bei Abweichungen oder St\u00f6rungen verh\u00e4lt. Mit einer anerkannten Pr\u00fcfung endet die Weiterbildung. Sie erhalten den F\u00fchrerschein Klasse B nach TfV und k\u00f6nnen sowohl im G\u00fcter- als auch im Personenverkehr t\u00e4tig werden.<\/p>\n<p>F\u00fcr Menschen, die Grundsicherung Arbeitslosengeld II vom Kommunalen Jobcenter des Landratsamtes Schmalkalden-Meiningen erhalten, werden die Kosten der Weiterbildung von der Beh\u00f6rde getragen.<\/p>\n<div id=\"attachment_5420\" style=\"width: 310px\" class=\"wp-caption alignleft\"><a href=\"https:\/\/jobcenter.lra-sm.de\/wp-content\/uploads\/2022\/03\/FB-Clip.00_03_30_31.Standbild006.jpg\"><img loading=\"lazy\" decoding=\"async\" aria-describedby=\"caption-attachment-5420\" class=\"wp-image-5420 size-medium\" src=\"https:\/\/jobcenter.lra-sm.de\/wp-content\/uploads\/2022\/03\/FB-Clip.00_03_30_31.Standbild006-300x189.jpg\" alt=\"\" width=\"300\" height=\"189\" \/><\/a><p id=\"caption-attachment-5420\" class=\"wp-caption-text\">Foto: SBH S\u00fcdost GmbH<\/p><\/div>\n<p><strong>&#8222;F\u00fcr Quer- oder Wiedereinsteiger ist das eine gute<\/strong> <strong>Chance.&#8220;<\/strong>, meint SBH S\u00fcdost und bietet zus\u00e4tzlich Bewerberinnen und Bewerbern mit Migrationshintergrund die M\u00f6glichkeit, das gesamte Fachvokabular in einem vorgeschalteten Kurs zu erlernen. Und: Der Lokf\u00fchrerberuf ist l\u00e4ngst keine reine M\u00e4nnerdom\u00e4ne mehr, denn Muskelkraft ist weniger entscheidend, als Umsicht und Verantwortungsbewusstsein.<\/p>\n<h3><\/h3>\n<h3 style=\"text-align: center;\"><strong>M\u00f6chten Sie mehr zur Modularen Weiterbildung zum Triebfahrzeugf\u00fchrer (m\/w\/d) erfahren?<\/strong><\/h3>\n<p style=\"text-align: center;\">Nehmen Sie Kontakt mit den verantwortlichen Ansprechpartnern auf und stellen Sie Ihre Fragen.<\/p>\n<p style=\"text-align: center;\">Au\u00dferdem gibt SBH S\u00fcdost in regelm\u00e4\u00dfig stattfindenden Informationsveranstaltungen einen \u00dcberblick \u00fcber die Ausbildung und \u00fcber die Chancen und Risiken des Berufes.<\/p>\n<p><a href=\"https:\/\/jobcenter.lra-sm.de\/wp-content\/uploads\/2022\/03\/Logo-Jobcenter.jpg\"><img loading=\"lazy\" decoding=\"async\" class=\"size-medium wp-image-5423 aligncenter\" src=\"https:\/\/jobcenter.lra-sm.de\/wp-content\/uploads\/2022\/03\/Logo-Jobcenter-300x127.jpg\" alt=\"\" width=\"300\" height=\"127\" srcset=\"https:\/\/jobcenter.lra-sm.de\/wp-content\/uploads\/2022\/03\/Logo-Jobcenter-300x127.jpg 300w, https:\/\/jobcenter.lra-sm.de\/wp-content\/uploads\/2022\/03\/Logo-Jobcenter.jpg 372w\" sizes=\"(max-width: 300px) 100vw, 300px\" \/><\/a><\/p>\n<p>&nbsp;<\/p>\n<div id=\"attachment_5421\" style=\"width: 584px\" class=\"wp-caption aligncenter\"><a href=\"https:\/\/jobcenter.lra-sm.de\/wp-content\/uploads\/2022\/03\/BockaufLok-Flyer-Triebfahrzeugfuehrer-SBH-Suedost_2.pdf\" target=\"_blank\" rel=\"https:\/\/jobcenter.lra-sm.de\/wp-content\/uploads\/2022\/03\/BockaufLok-Flyer-Triebfahrzeugfuehrer-SBH-Suedost_2.pdf noopener\"><img loading=\"lazy\" decoding=\"async\" aria-describedby=\"caption-attachment-5421\" class=\"wp-image-5421 size-full\" src=\"https:\/\/jobcenter.lra-sm.de\/wp-content\/uploads\/2022\/03\/Screenshot-2022-03-02-143404.png\" alt=\"\" width=\"574\" height=\"602\" srcset=\"https:\/\/jobcenter.lra-sm.de\/wp-content\/uploads\/2022\/03\/Screenshot-2022-03-02-143404.png 574w, https:\/\/jobcenter.lra-sm.de\/wp-content\/uploads\/2022\/03\/Screenshot-2022-03-02-143404-480x503.png 480w\" sizes=\"(min-width: 0px) and (max-width: 480px) 480px, (min-width: 481px) 574px, 100vw\" \/><\/a><p id=\"caption-attachment-5421\" class=\"wp-caption-text\">Zum Vergr\u00f6\u00dfern klicken Sie bitte auf den Flyer.<\/p><\/div>\n","protected":false},"excerpt":{"rendered":"&#8222;&#8230;Wir machen Bock auf Lok.&#8220; Mit diesem Slogan wirbt SBH S\u00fcdost f\u00fcr eine Modulare Weiterbildung zum Triebfahrzeugf\u00fchrer (m\/w\/d), einem Job mit Perspektive. &#8222;Die anspruchsvolle Weiterbildung zum Lokf\u00fchrer lohnt die pers\u00f6nliche M\u00fche: Ihnen winkt anschlie\u00dfend ein sicherer und gut bezahlter Job!&#8220;, hei\u00dft es auf der Webseite des Unternehmens , das beste Chancen f\u00fcr eine Anstellung in [&hellip;]","protected":false},"author":5,"featured_media":0,"parent":263,"menu_order":0,"comment_status":"closed","ping_status":"closed","template":"","meta":{"_et_pb_use_builder":"","_et_pb_old_content":"","_et_gb_content_width":"","footnotes":""},"class_list":["post-5393","page","type-page","status-publish","hentry"],"_links":{"self":[{"href":"https:\/\/jobcenter.lra-sm.de\/index.php?rest_route=\/wp\/v2\/pages\/5393","targetHints":{"allow":["GET"]}}],"collection":[{"href":"https:\/\/jobcenter.lra-sm.de\/index.php?rest_route=\/wp\/v2\/pages"}],"about":[{"href":"https:\/\/jobcenter.lra-sm.de\/index.php?rest_route=\/wp\/v2\/types\/page"}],"author":[{"embeddable":true,"href":"https:\/\/jobcenter.lra-sm.de\/index.php?rest_route=\/wp\/v2\/users\/5"}],"replies":[{"embeddable":true,"href":"https:\/\/jobcenter.lra-sm.de\/index.php?rest_route=%2Fwp%2Fv2%2Fcomments&post=5393"}],"version-history":[{"count":26,"href":"https:\/\/jobcenter.lra-sm.de\/index.php?rest_route=\/wp\/v2\/pages\/5393\/revisions"}],"predecessor-version":[{"id":5466,"href":"https:\/\/jobcenter.lra-sm.de\/index.php?rest_route=\/wp\/v2\/pages\/5393\/revisions\/5466"}],"up":[{"embeddable":true,"href":"https:\/\/jobcenter.lra-sm.de\/index.php?rest_route=\/wp\/v2\/pages\/263"}],"wp:attachment":[{"href":"https:\/\/jobcenter.lra-sm.de\/index.php?rest_route=%2Fwp%2Fv2%2Fmedia&parent=5393"}],"curies":[{"name":"wp","href":"https:\/\/api.w.org\/{rel}","templated":true}]}}