{"id":4005,"date":"2024-11-15T06:17:50","date_gmt":"2024-11-15T06:17:50","guid":{"rendered":"https:\/\/www.lra-sm.de\/jobcenter\/?page_id=4005"},"modified":"2024-11-15T08:46:25","modified_gmt":"2024-11-15T08:46:25","slug":"schluessiges-konzept-2020","status":"publish","type":"page","link":"https:\/\/jobcenter.lra-sm.de\/?page_id=4005","title":{"rendered":"Schl\u00fcssiges Konzept 2024"},"content":{"rendered":"\r\n<p><a><strong>Bedarfe f\u00fcr Unterkunft im Landkreis Schmalkalden-Meiningen<\/strong><\/a><\/p>\r\n\r\n\r\n\r\n<p>F\u00fcr den Landkreis Schmalkalden-Meiningen wurden die Bedarfe f\u00fcr Unterkunft ermittelt. F\u00fcr Leistungsempf\u00e4nger werden die Bedarfe f\u00fcr Unterkunft \u00fcbernommen, soweit diese angemessen sind. Die angemessenen Brutto-Kaltmieten f\u00fcr den Landkreis Schmalkalden-Meiningen sind in der untenstehenden Tabelle dargestellt.<\/p>\r\n<p>Gem\u00e4\u00df der Rechtsprechung des Bundessozialgerichts wird die Produkttheorie angewendet. Es werden die Mietpreise f\u00fcr Wohnungen des einfachen Standards ermittelt. Hierbei handelt es sich um eine Brutto-Kaltmiete. Sie ist das Produkt aus Netto-Kaltmiete, den kalten Betriebskosten und einer maximalen abstrakten Wohnfl\u00e4che. Dieser Angemessenheitsrichtwert soll gew\u00e4hrleisten, dass es den Leistungsberechtigten m\u00f6glich ist, im Vergleichsraum ausreichend Wohnraum des einfachen Standards anzumieten. Zudem ist er Garant f\u00fcr ein gleichm\u00e4\u00dfiges Verwaltungshandeln.<\/p>\r\n<p>Bei der Anwendung der Angemessenheitsrichtwerte ist nicht die Wohnfl\u00e4che, sondern nur die Anzahl der Personen je Bedarfsgemeinschaft ma\u00dfgeblich.<\/p>\r\n\r\n\r\n\r\n<p><strong>Angemessenheitsrichtwerte f\u00fcr Kosten der Unterkunft (Brutto-Kaltmieten)\u00a0\u00a0\u00a0\u00a0<\/strong>\u00a0\u00a0\u00a0\u00a0\u00a0<\/p>\r\n\r\n\r\n\r\n<p class=\"has-normal-font-size\">\n<table id=\"tablepress-17\" class=\"tablepress tablepress-id-17\">\n<thead>\n<tr class=\"row-1\">\n\t<th class=\"column-1\">Vergleichsraum<\/th><th colspan=\"6\" class=\"column-2\">Haushaltsgr\u00f6\u00dfe<\/th>\n<\/tr>\n<\/thead>\n<tbody class=\"row-striping row-hover\">\n<tr class=\"row-2\">\n\t<td class=\"column-1\"><\/td><td class=\"column-2\">1 Person<\/td><td class=\"column-3\">2 Personen<\/td><td class=\"column-4\">3 Personen<\/td><td class=\"column-5\">4 Personen<\/td><td class=\"column-6\">5 Personen<\/td><td class=\"column-7\">Jede weitere Person<\/td>\n<\/tr>\n<tr class=\"row-3\">\n\t<td class=\"column-1\">Meiningen<\/td><td class=\"column-2\">333,45<\/td><td class=\"column-3\">407,40<\/td><td class=\"column-4\">483,00<\/td><td class=\"column-5\">608,40<\/td><td class=\"column-6\">732,90<\/td><td class=\"column-7\">+104,70<\/td>\n<\/tr>\n<tr class=\"row-4\">\n\t<td class=\"column-1\">Schmalkalden<\/td><td class=\"column-2\">333,00<\/td><td class=\"column-3\">382,80<\/td><td class=\"column-4\">502,50<\/td><td class=\"column-5\">610,20<\/td><td class=\"column-6\">705,60<\/td><td class=\"column-7\">+100,80<\/td>\n<\/tr>\n<tr class=\"row-5\">\n\t<td class=\"column-1\">Zella-Mehlis<\/td><td class=\"column-2\">339,30<\/td><td class=\"column-3\">397,80<\/td><td class=\"column-4\">546,75<\/td><td class=\"column-5\">644,40<\/td><td class=\"column-6\">769,65<\/td><td class=\"column-7\">+109,95<\/td>\n<\/tr>\n<\/tbody>\n<\/table>\n<!-- #tablepress-17 from cache --><\/p>\r\n\r\n\r\n\r\n<p class=\"has-small-font-size\">Quelle: Mietwerterhebung Landkreis Schmalkalden-Meiningen 2024<\/p>\r\n\r\n\r\n\r\n<figure class=\"wp-block-image size-large\"><img loading=\"lazy\" decoding=\"async\" width=\"87\" height=\"27\" class=\"wp-image-4028\" src=\"https:\/\/jobcenter.lra-sm.de\/wp-content\/uploads\/2020\/07\/grafik-3.png\" alt=\"\" \/><\/figure>\r\n\r\n\r\n\r\n<p>F\u00fcr 6-Personen-Haushalte und gr\u00f6\u00dfer k\u00f6nnen keine Angemessenheitsrichtwerte abgeleitet werden. F\u00fcr diese Haushaltsgr\u00f6\u00dfen muss eine konkrete Pr\u00fcfung des Einzelfalls erfolgen.<\/p>\r\n\r\n\r\n\r\n<p>&nbsp;<\/p>\r\n\r\n\r\n\r\n<p><strong>Konzept zur Ermittlung der Bedarfe f\u00fcr Unterkunft 2024<\/strong><br \/>(anklicken)<\/p>\r\n\r\n\r\n\r\n\r\n\r\n<p><a href=\"https:\/\/jobcenter.lra-sm.de\/wp-content\/uploads\/2024\/11\/Schmalkalden-Meinigen-2024-Konzept-zur-Ermittlung-der-Bedarfe-fuer-Unterkunft.pdf\" download=\"\"><img loading=\"lazy\" decoding=\"async\" class=\"alignnone size-medium wp-image-6344\" src=\"https:\/\/jobcenter.lra-sm.de\/wp-content\/uploads\/2024\/11\/Deckblatt-Schluessiges-KOnzept-255x300.png\" alt=\"\" width=\"255\" height=\"300\" \/><\/a><\/p>\r\n","protected":false},"excerpt":{"rendered":"Bedarfe f\u00fcr Unterkunft im Landkreis Schmalkalden-Meiningen F\u00fcr den Landkreis Schmalkalden-Meiningen wurden die Bedarfe f\u00fcr Unterkunft ermittelt. F\u00fcr Leistungsempf\u00e4nger werden die Bedarfe f\u00fcr Unterkunft \u00fcbernommen, soweit diese angemessen sind. Die angemessenen Brutto-Kaltmieten f\u00fcr den Landkreis Schmalkalden-Meiningen sind in der untenstehenden Tabelle dargestellt. Gem\u00e4\u00df der Rechtsprechung des Bundessozialgerichts wird die Produkttheorie angewendet. Es werden die Mietpreise f\u00fcr [&hellip;]","protected":false},"author":5,"featured_media":0,"parent":0,"menu_order":0,"comment_status":"closed","ping_status":"closed","template":"","meta":{"_et_pb_use_builder":"","_et_pb_old_content":"","_et_gb_content_width":"","footnotes":""},"class_list":["post-4005","page","type-page","status-publish","hentry"],"_links":{"self":[{"href":"https:\/\/jobcenter.lra-sm.de\/index.php?rest_route=\/wp\/v2\/pages\/4005","targetHints":{"allow":["GET"]}}],"collection":[{"href":"https:\/\/jobcenter.lra-sm.de\/index.php?rest_route=\/wp\/v2\/pages"}],"about":[{"href":"https:\/\/jobcenter.lra-sm.de\/index.php?rest_route=\/wp\/v2\/types\/page"}],"author":[{"embeddable":true,"href":"https:\/\/jobcenter.lra-sm.de\/index.php?rest_route=\/wp\/v2\/users\/5"}],"replies":[{"embeddable":true,"href":"https:\/\/jobcenter.lra-sm.de\/index.php?rest_route=%2Fwp%2Fv2%2Fcomments&post=4005"}],"version-history":[{"count":6,"href":"https:\/\/jobcenter.lra-sm.de\/index.php?rest_route=\/wp\/v2\/pages\/4005\/revisions"}],"predecessor-version":[{"id":6346,"href":"https:\/\/jobcenter.lra-sm.de\/index.php?rest_route=\/wp\/v2\/pages\/4005\/revisions\/6346"}],"wp:attachment":[{"href":"https:\/\/jobcenter.lra-sm.de\/index.php?rest_route=%2Fwp%2Fv2%2Fmedia&parent=4005"}],"curies":[{"name":"wp","href":"https:\/\/api.w.org\/{rel}","templated":true}]}}