{"id":3343,"date":"2026-02-12T05:00:29","date_gmt":"2026-02-12T05:00:29","guid":{"rendered":"https:\/\/www.lra-sm.de\/jobcenter\/?page_id=3343"},"modified":"2026-02-16T10:35:52","modified_gmt":"2026-02-16T10:35:52","slug":"umzug-waehrend-leistungsbezug","status":"publish","type":"page","link":"https:\/\/jobcenter.lra-sm.de\/?page_id=3343","title":{"rendered":"Umzug w\u00e4hrend Leistungsbezug"},"content":{"rendered":"\r\n<div class=\"wp-block-image\">\r\n<figure class=\"alignright\"><img loading=\"lazy\" decoding=\"async\" width=\"239\" height=\"400\" class=\"wp-image-1092\" src=\"https:\/\/jobcenter.lra-sm.de\/wp-content\/uploads\/2016\/06\/364604_web_R_by_Jutta-Grashof_pixelio.de_.jpg\" alt=\"\" srcset=\"https:\/\/jobcenter.lra-sm.de\/wp-content\/uploads\/2016\/06\/364604_web_R_by_Jutta-Grashof_pixelio.de_.jpg 239w, https:\/\/jobcenter.lra-sm.de\/wp-content\/uploads\/2016\/06\/364604_web_R_by_Jutta-Grashof_pixelio.de_-179x300.jpg 179w\" sizes=\"(max-width: 239px) 100vw, 239px\" \/>\r\n<figcaption>Foto: Jutta Grashof \/ pixelio.de<\/figcaption>\r\n<\/figure>\r\n<\/div>\r\n\r\n\r\n\r\n<p>Falls Sie beabsichtigen, in eine andere Wohnung umzuziehen, beantragen Sie bitte <strong>vor Abschluss eines neuen Mietvertrages<\/strong> eine <strong><a href=\"https:\/\/jobcenter.lra-sm.de\/?page_id=2962\">Zusicherung zur \u00dcbernahme der neuen Unterkunftskosten<\/a><\/strong>. Dieser Antrag sollte rechtzeitig &#8211; mindestens jedoch 4 Wochen vorher \u2013 gestellt werden.<\/p>\r\n\r\n\r\n\r\n<p>Die Zusicherung wird erteilt, wenn:<\/p>\r\n\r\n\r\n\r\n<ul class=\"wp-block-list\">\r\n<li>der Antrag auf Erteilung der Zusicherung vor Abschluss des Mietvertrages f\u00fcr die neue Wohnung gestellt wurde und<\/li>\r\n<li>der Umzug erforderlich ist und<\/li>\r\n<li>die Kosten f\u00fcr die neue Wohnung angemessen sind.<\/li>\r\n<\/ul>\r\n\r\n\r\n\r\n<p class=\"has-text-align-left\"><strong>Sollten Sie ohne Zusicherung umziehen, werden die Leistungen &#8211; abh\u00e4ngig vom Einzelfall &#8211; in H\u00f6he der bislang zu tragenden Aufwendungen oder nur bis zur Angemessenheitsgrenze erbracht.<\/strong><\/p>\r\n\r\n\r\n\r\n<p class=\"has-text-align-left\">Sollten Sie das 25. Lebensjahr noch nicht vollendet haben, wird die Zusicherung nur erteilt, wenn zus\u00e4tzlich zu den oben genannten Voraussetzungen<\/p>\r\n\r\n\r\n\r\n<ul class=\"wp-block-list\">\r\n<li>Sie aus schwerwiegenden sozialen Gr\u00fcnden nicht auf die Wohnung der Eltern oder eines Elternteils verwiesen werden k\u00f6nnen,<\/li>\r\n<li>der Bezug der Unterkunft zur Eingliederung in den Arbeitsmarkt erforderlich ist oder<\/li>\r\n<li>ein sonstiger \u00e4hnlich schwerwiegender Grund vorliegt.<\/li>\r\n<\/ul>\r\n\r\n\r\n\r\n<p>Sollten Sie vor Vollendung des 25. Lebensjahres ohne vorherige Zusicherung und nicht aus o.g. Gr\u00fcnden aus dem elterlichen Haushalt ausziehen \/ umziehen, werden f\u00fcr die Zeit nach dem Umzug bis zur Vollendung Ihres 25. Lebensjahres <strong>keine<\/strong> Unterkunftskosten gew\u00e4hrt und die Regelleistung kann nur in der bis dato gew\u00e4hrten H\u00f6he weiter gezahlt werden. Es erfolgt eine Reduzierung der Regelleistung.<\/p>\r\n\r\n\r\n<div  class=\"mp-row-fluid motopress-row\">\n\r\n\r\n<div class=\"mp-span10 motopress-clmn\">\n\r\n\r\n\r\n<p><div class=\"motopress-accordion-obj motopress-accordion\" id=\"69f880b45ca8c\"><\/p>\r\n\r\n\r\n<div class=\"motopress-accordion-item\">\n<h3>Informationen nach der DSGVO<\/h3>\n<div>\n\r\n\r\n\r\n<p><a href=\"https:\/\/jobcenter.lra-sm.de\/wp-content\/uploads\/2026\/02\/Vorlage-Infopflicht-Art.-13-und-14-DSGVO.pdf\" download=\"\">Informationen nach der DSGVO<\/a><\/p>\r\n\r\n\r\n\r\n<p><\/div><\/div><\/p>\r\n<p><div class=\"motopress-accordion-item\"><h3>Merkblatt Grundsicherung f\u00fcr Arbeitsuchende SGB II des Kommunalen Jobcenters<\/h3><div><\/p>\r\n<p><a href=\"https:\/\/jobcenter.lra-sm.de\/wp-content\/uploads\/2024\/06\/LRA-Merkblatt-SGB-II_06-2024-1.pdf\" download=\"\"><img loading=\"lazy\" decoding=\"async\" class=\"alignnone size-medium wp-image-6232\" src=\"https:\/\/jobcenter.lra-sm.de\/wp-content\/uploads\/2024\/06\/Merkblatt-Deckblatt-214x300.png\" alt=\"\" width=\"214\" height=\"300\" \/><\/a><\/p>\r\n<p>&nbsp;<\/p>\r\n<p><\/div><\/div><\/p>\r\n\r\n\r\n\r\n<p><p class=\"motopress-hide-script\"><script type=\"text\/javascript\">\r\n                jQuery(document).ready(function($) {\r\n                    var mpAccordion = $(\".motopress-accordion-obj#69f880b45ca8c\");\r\n                    if (mpAccordion.data(\"uiAccordion\")) {\r\n                        mpAccordion.accordion(\"destroy\");\r\n                    }\r\n                    mpAccordion.accordion({\r\n                        active: false,\r\n                        collapsible: true,\r\n                        header: \"> div > h3\",\r\n                        heightStyle: \"content\"\r\n                    });\r\n                });\r\n                <\/script><\/p><\/div><br \/><\/div><br \/><\/div><\/p>\r\n","protected":false},"excerpt":{"rendered":"Falls Sie beabsichtigen, in eine andere Wohnung umzuziehen, beantragen Sie bitte vor Abschluss eines neuen Mietvertrages eine Zusicherung zur \u00dcbernahme der neuen Unterkunftskosten. Dieser Antrag sollte rechtzeitig &#8211; mindestens jedoch 4 Wochen vorher \u2013 gestellt werden. Die Zusicherung wird erteilt, wenn: der Antrag auf Erteilung der Zusicherung vor Abschluss des Mietvertrages f\u00fcr die neue Wohnung [&hellip;]","protected":false},"author":5,"featured_media":0,"parent":841,"menu_order":0,"comment_status":"closed","ping_status":"closed","template":"","meta":{"_et_pb_use_builder":"","_et_pb_old_content":"","_et_gb_content_width":"","footnotes":""},"class_list":["post-3343","page","type-page","status-publish","hentry"],"_links":{"self":[{"href":"https:\/\/jobcenter.lra-sm.de\/index.php?rest_route=\/wp\/v2\/pages\/3343","targetHints":{"allow":["GET"]}}],"collection":[{"href":"https:\/\/jobcenter.lra-sm.de\/index.php?rest_route=\/wp\/v2\/pages"}],"about":[{"href":"https:\/\/jobcenter.lra-sm.de\/index.php?rest_route=\/wp\/v2\/types\/page"}],"author":[{"embeddable":true,"href":"https:\/\/jobcenter.lra-sm.de\/index.php?rest_route=\/wp\/v2\/users\/5"}],"replies":[{"embeddable":true,"href":"https:\/\/jobcenter.lra-sm.de\/index.php?rest_route=%2Fwp%2Fv2%2Fcomments&post=3343"}],"version-history":[{"count":5,"href":"https:\/\/jobcenter.lra-sm.de\/index.php?rest_route=\/wp\/v2\/pages\/3343\/revisions"}],"predecessor-version":[{"id":6590,"href":"https:\/\/jobcenter.lra-sm.de\/index.php?rest_route=\/wp\/v2\/pages\/3343\/revisions\/6590"}],"up":[{"embeddable":true,"href":"https:\/\/jobcenter.lra-sm.de\/index.php?rest_route=\/wp\/v2\/pages\/841"}],"wp:attachment":[{"href":"https:\/\/jobcenter.lra-sm.de\/index.php?rest_route=%2Fwp%2Fv2%2Fmedia&parent=3343"}],"curies":[{"name":"wp","href":"https:\/\/api.w.org\/{rel}","templated":true}]}}