{"id":3339,"date":"2020-03-09T07:30:47","date_gmt":"2020-03-09T07:30:47","guid":{"rendered":"https:\/\/www.lra-sm.de\/jobcenter\/?page_id=3339"},"modified":"2021-02-16T13:33:18","modified_gmt":"2021-02-16T13:33:18","slug":"einmalige-hilfen","status":"publish","type":"page","link":"https:\/\/jobcenter.lra-sm.de\/?page_id=3339","title":{"rendered":"Einmalige Hilfen"},"content":{"rendered":"\n<p>In Einzelf\u00e4llen erhalten Sie einmalige Beihilfen f\u00fcr <strong>neue Haushaltsgegenst\u00e4nde<\/strong>:<\/p>\n\n\n\n<ul class=\"wp-block-list\"><li>wenn Sie Ihre M\u00f6bel oder andere Haushaltsgegenst\u00e4nde durch einen Wohnungsbrand verloren haben,<\/li><li>wenn Sie als junger Heranwachsender aus der Wohnung Ihrer Eltern ziehen, Ihre Eltern Sie nicht unterst\u00fctzen k\u00f6nnen und der Auszug seitens des Jobcenters als notwendig erachtet wurde,<\/li><li>wenn Sie obdachlos sind oder nicht sesshaft waren und das erste Mal eine Wohnung beziehen,<\/li><li>wenn Sie nach langer Haftzeit aus der Justizvollzugsanstalt (JVA) entlassen wurden,<\/li><li>wenn Sie ein Kind bekommen haben oder das erste Mal ein Kind bei Ihnen zu Hause aufnehmen, das kein Pflegekind ist,<\/li><li>zur Anschaffung oder Reparatur von orthop\u00e4dischen Schuhen, Reparatur von therapeutischen Ger\u00e4ten und Ausr\u00fcstungen sowie f\u00fcr die Miete von therapeutischen Ger\u00e4ten<\/li><\/ul>\n\n\n\n<p>Trifft eine der oben genannten Situationen auf Sie zu, h\u00e4ngt die H\u00f6he der einmaligen Beihilfe f\u00fcr Ihre Haushaltsgegenst\u00e4nde von der Anzahl der Personen ab, die bei Ihnen zu Hause leben.<\/p>\n\n\n\n<p>In bestimmten Situationen haben Sie auch Anspruch auf einmalige finanzielle Unterst\u00fctzung f\u00fcr <strong>neue Bekleidung<\/strong>, z.B.:<\/p>\n\n\n\n<ul class=\"wp-block-list\"><li>wenn Sie Ihre Bekleidung durch einen Wohnungsbrand verloren haben,<\/li><li>wenn Sie nach l\u00e4ngerer Haftzeit aus der Justizvollzugsanstalt (JVA) entlassen wurden,<\/li><li>wenn sich aufgrund einer Krankheit Ihr Gewicht ver\u00e4ndert und Sie deutlich gr\u00f6\u00dfere oder kleinere Kleidung ben\u00f6tigen.<\/li><li>Wenn Sie ein Baby erwarten, stehen wir Ihnen ebenfalls mit einmaligen Beihilfen f\u00fcr die notwendige Bekleidung zur Seite.<\/li><\/ul>\n\n\n\n<p>Eine Beratung zum konkreten Umfang der jeweiligen Leistungen erhalten Sie in Ihrem Kommunalen Jobcenter.<\/p>\n\n\n\n<p><strong>Gew\u00e4hrung von Darlehen<\/strong><\/p>\n<p>Es gibt Situationen, die nicht vorhersehbar sind und in denen man dringend Geld f\u00fcr bestimmte Dinge ben\u00f6tigt, etwa wenn die Waschmaschine und der Herd gleichzeitig zur Reparatur m\u00fcssen. Reichen Ihre Ersparnisse in einem solchen Fall nicht aus, k\u00f6nnen Sie unter bestimmten Voraussetzungen ein Darlehen beantragen.<\/p>\n\n\n\n<p>Gerne beraten wir Sie und pr\u00fcfen gemeinsam, ob ein Darlehen f\u00fcr die Notsituation gew\u00e4hrt werden kann. Sollte dies der Fall sein, erl\u00e4utern wir Ihnen alles Wichtige zu den Voraussetzungen, zum Tilgungszeitraum und zu den Tilgungsraten.<\/p>\n\n\n\n<p><\/p>\n","protected":false},"excerpt":{"rendered":"In Einzelf\u00e4llen erhalten Sie einmalige Beihilfen f\u00fcr neue Haushaltsgegenst\u00e4nde: wenn Sie Ihre M\u00f6bel oder andere Haushaltsgegenst\u00e4nde durch einen Wohnungsbrand verloren haben, wenn Sie als junger Heranwachsender aus der Wohnung Ihrer Eltern ziehen, Ihre Eltern Sie nicht unterst\u00fctzen k\u00f6nnen und der Auszug seitens des Jobcenters als notwendig erachtet wurde, wenn Sie obdachlos sind oder nicht sesshaft [&hellip;]","protected":false},"author":5,"featured_media":0,"parent":263,"menu_order":0,"comment_status":"closed","ping_status":"closed","template":"","meta":{"_et_pb_use_builder":"","_et_pb_old_content":"","_et_gb_content_width":"","footnotes":""},"class_list":["post-3339","page","type-page","status-publish","hentry"],"_links":{"self":[{"href":"https:\/\/jobcenter.lra-sm.de\/index.php?rest_route=\/wp\/v2\/pages\/3339","targetHints":{"allow":["GET"]}}],"collection":[{"href":"https:\/\/jobcenter.lra-sm.de\/index.php?rest_route=\/wp\/v2\/pages"}],"about":[{"href":"https:\/\/jobcenter.lra-sm.de\/index.php?rest_route=\/wp\/v2\/types\/page"}],"author":[{"embeddable":true,"href":"https:\/\/jobcenter.lra-sm.de\/index.php?rest_route=\/wp\/v2\/users\/5"}],"replies":[{"embeddable":true,"href":"https:\/\/jobcenter.lra-sm.de\/index.php?rest_route=%2Fwp%2Fv2%2Fcomments&post=3339"}],"version-history":[{"count":0,"href":"https:\/\/jobcenter.lra-sm.de\/index.php?rest_route=\/wp\/v2\/pages\/3339\/revisions"}],"up":[{"embeddable":true,"href":"https:\/\/jobcenter.lra-sm.de\/index.php?rest_route=\/wp\/v2\/pages\/263"}],"wp:attachment":[{"href":"https:\/\/jobcenter.lra-sm.de\/index.php?rest_route=%2Fwp%2Fv2%2Fmedia&parent=3339"}],"curies":[{"name":"wp","href":"https:\/\/api.w.org\/{rel}","templated":true}]}}