{"id":3335,"date":"2020-03-09T07:30:07","date_gmt":"2020-03-09T07:30:07","guid":{"rendered":"https:\/\/www.lra-sm.de\/jobcenter\/?page_id=3335"},"modified":"2022-02-24T12:50:56","modified_gmt":"2022-02-24T12:50:56","slug":"der-regelbedarf","status":"publish","type":"page","link":"https:\/\/jobcenter.lra-sm.de\/?page_id=3335","title":{"rendered":"Der Regelbedarf"},"content":{"rendered":"\r\n<p>Ganz gleich ob Fr\u00fchst\u00fcck, Shampoo oder eine warme Jacke und Bettdecke \u2013 wir stehen Ihnen zur Seite und sichern Ihre Grundbed\u00fcrfnisse finanziell ab. Dazu geh\u00f6ren die Ern\u00e4hrung, Kleidung, K\u00f6rperpflege, M\u00f6bel und der Strom \u2013 in Beh\u00f6rdensprache unter dem Begriff \u201eRegelbedarf\u201c bekannt. In welcher H\u00f6he Ihnen das Geld f\u00fcr diese allt\u00e4glichen Dinge zusteht, h\u00e4ngt von Ihrem Alter und Ihren Lebensumst\u00e4nden (allein lebend, Partnerschaft) ab. Die Regels\u00e4tze werden j\u00e4hrlich zum 01.Januar angepasst und sind \u00fcber <a href=\"https:\/\/www.bmas.de\/DE\/Arbeit\/Grundsicherung-Arbeitslosengeld-II\/Arbeitslosengeld-II\/arbeitslosengeld-2.html\">diesen Link<\/a> in ihrer aktuellen H\u00f6he einzusehen.<\/p>\r\n\r\n\r\n\r\n<p>Der volle Regelsatz wird nur bei entsprechender Leistungsberechtigung gezahlt. Bei der Feststellung der Leistungsberechtigung werden vorhandenes Verm\u00f6gen und Einkommen &#8211; nach Abzug bestimmter Freibetr\u00e4ge &#8211; ber\u00fccksichtigt. Verm\u00f6gen und Einkommen aller in einer &#8222;Bedarfsgemeinschaft&#8220; zusammen lebenden Personen werden gemeinsam betrachtet.<\/p>\r\n","protected":false},"excerpt":{"rendered":"Ganz gleich ob Fr\u00fchst\u00fcck, Shampoo oder eine warme Jacke und Bettdecke \u2013 wir stehen Ihnen zur Seite und sichern Ihre Grundbed\u00fcrfnisse finanziell ab. Dazu geh\u00f6ren die Ern\u00e4hrung, Kleidung, K\u00f6rperpflege, M\u00f6bel und der Strom \u2013 in Beh\u00f6rdensprache unter dem Begriff \u201eRegelbedarf\u201c bekannt. In welcher H\u00f6he Ihnen das Geld f\u00fcr diese allt\u00e4glichen Dinge zusteht, h\u00e4ngt von Ihrem [&hellip;]","protected":false},"author":5,"featured_media":0,"parent":3333,"menu_order":0,"comment_status":"closed","ping_status":"closed","template":"","meta":{"_et_pb_use_builder":"","_et_pb_old_content":"","_et_gb_content_width":"","footnotes":""},"class_list":["post-3335","page","type-page","status-publish","hentry"],"_links":{"self":[{"href":"https:\/\/jobcenter.lra-sm.de\/index.php?rest_route=\/wp\/v2\/pages\/3335","targetHints":{"allow":["GET"]}}],"collection":[{"href":"https:\/\/jobcenter.lra-sm.de\/index.php?rest_route=\/wp\/v2\/pages"}],"about":[{"href":"https:\/\/jobcenter.lra-sm.de\/index.php?rest_route=\/wp\/v2\/types\/page"}],"author":[{"embeddable":true,"href":"https:\/\/jobcenter.lra-sm.de\/index.php?rest_route=\/wp\/v2\/users\/5"}],"replies":[{"embeddable":true,"href":"https:\/\/jobcenter.lra-sm.de\/index.php?rest_route=%2Fwp%2Fv2%2Fcomments&post=3335"}],"version-history":[{"count":1,"href":"https:\/\/jobcenter.lra-sm.de\/index.php?rest_route=\/wp\/v2\/pages\/3335\/revisions"}],"predecessor-version":[{"id":5392,"href":"https:\/\/jobcenter.lra-sm.de\/index.php?rest_route=\/wp\/v2\/pages\/3335\/revisions\/5392"}],"up":[{"embeddable":true,"href":"https:\/\/jobcenter.lra-sm.de\/index.php?rest_route=\/wp\/v2\/pages\/3333"}],"wp:attachment":[{"href":"https:\/\/jobcenter.lra-sm.de\/index.php?rest_route=%2Fwp%2Fv2%2Fmedia&parent=3335"}],"curies":[{"name":"wp","href":"https:\/\/api.w.org\/{rel}","templated":true}]}}