{"id":3333,"date":"2026-02-12T05:00:39","date_gmt":"2026-02-12T05:00:39","guid":{"rendered":"https:\/\/www.lra-sm.de\/jobcenter\/?page_id=3333"},"modified":"2026-02-16T10:34:32","modified_gmt":"2026-02-16T10:34:32","slug":"arbeitslosengeld-ii","status":"publish","type":"page","link":"https:\/\/jobcenter.lra-sm.de\/?page_id=3333","title":{"rendered":"B\u00fcrgergeld"},"content":{"rendered":"\r\n<p>Das B\u00fcrgergeld ist eine individuelle Leistung zur Sicherung Ihres Lebensunterhalts, die Sie beantragen k\u00f6nnen, wenn Sie den Lebensunterhalt Ihrer <a href=\"https:\/\/www.sozialgesetzbuch-sgb.de\/sgbii\/7.html\">Bedarfsgemeinschaft<\/a> nicht oder nicht vollst\u00e4ndig sicherstellen k\u00f6nnen <a href=\"https:\/\/www.sgb2.info\/DE\/Service\/Freibetragsrechner\/freibetragsrechner.html\">(Freibetragsrechner hier)<\/a>. B\u00fcrgergeld wird auf <a href=\"https:\/\/jobcenter.lra-sm.de\/?page_id=2632\">Antrag<\/a> gezahlt, wenn Sie oder Ihre Bedarfsgemeinschaft kein verwertbares Verm\u00f6gen haben, welches den Freibetrag \u00fcbersteigt und \u00fcber kein oder kein ausreichendes Einkommen verf\u00fcgen.<\/p>\r\n\r\n\r\n\r\n<div class=\"wp-block-image\">\r\n<figure class=\"alignright is-resized\"><img loading=\"lazy\" decoding=\"async\" class=\"wp-image-3395\" src=\"https:\/\/jobcenter.lra-sm.de\/wp-content\/uploads\/2020\/03\/IMG_20171208_103456_noch-mehr-verkleinert.jpg\" alt=\"\" width=\"314\" height=\"269\" srcset=\"https:\/\/jobcenter.lra-sm.de\/wp-content\/uploads\/2020\/03\/IMG_20171208_103456_noch-mehr-verkleinert.jpg 780w, https:\/\/jobcenter.lra-sm.de\/wp-content\/uploads\/2020\/03\/IMG_20171208_103456_noch-mehr-verkleinert-300x257.jpg 300w, https:\/\/jobcenter.lra-sm.de\/wp-content\/uploads\/2020\/03\/IMG_20171208_103456_noch-mehr-verkleinert-768x657.jpg 768w\" sizes=\"(max-width: 314px) 100vw, 314px\" \/>\r\n<figcaption>Foto: LRA\/Scheler<\/figcaption>\r\n<\/figure>\r\n<\/div>\r\n\r\n\r\n\r\n<p>Unter einem Einkommen verstehen wir hierbei jegliche Einnahmen in Form von Geld- oder Sachleistungen. Hierzu z\u00e4hlen der Lohn oder das Gehalt, Einnahmen aus selbstst\u00e4ndiger T\u00e4tigkeit, Kindergeld, Unterhalt oder Renten \u2013 zum Beispiel die Halbwaisen- oder Witwenrente. Was dar\u00fcber hinaus noch zum Einkommen geh\u00f6rt, erl\u00e4utern Ihnen gerne Ihre Ansprechpartner im Kommunalen Jobcenter. B\u00fcrgergeld besteht aus dem Regelbedarf, ggf. Mehrbedarfen und den Kosten der Unterkunft und Heizung. Insofern Sie oder die Mitglieder Ihrer Bedarfsgemeinschaft keinen Anspruch auf andere, vorrangige Leistungen haben, kann ein Anspruch auf B\u00fcrgergeld entstehen.<\/p>\r\n\r\n\r\n\r\n<p><strong>Vorrangige Leistungen <\/strong><\/p>\r\n\r\n\r\n\r\n<p>Das B\u00fcrgergeld stellt eine staatliche F\u00fcrsorgeleistung dar, die Ihr Existenzminimum zum Bestreiten des Lebensunterhalts sichern soll. Allerdings wird B\u00fcrgergeld nachrangig gew\u00e4hrt. Deshalb sollten Sie zun\u00e4chst pr\u00fcfen lassen, ob f\u00fcr Sie ein Antrag auf eine oder mehrere vorrangige Sozialleistungen in Betracht kommt. Entsprechende Antr\u00e4ge m\u00fcssen von Ihnen bei den zust\u00e4ndigen Stellen gestellt werden. Kann der Lebensunterhalt mit diesen Leistungen gedeckt werden, kommt eine Gew\u00e4hrung von B\u00fcrgergeld grunds\u00e4tzlich nicht in Betracht. Andernfalls k\u00f6nnen aufstockende Leistungen gew\u00e4hrt werden.<\/p>\r\n\r\n\r\n\r\n<p>Vorrangige Leistungen sind Zahlungen anderer Stellen, die geeignet sind, die Hilfebed\u00fcrftigkeit<\/p>\r\n\r\n\r\n\r\n<ul class=\"wp-block-list\">\r\n<li>zu vermeiden (durch Verweis auf Inanspruchnahme der Leistung tritt Hilfebed\u00fcrftigkeit nicht ein),<\/li>\r\n<li>zu beseitigen (durch Anrechnung der Leistung besteht keine Hilfebed\u00fcrftigkeit mehr),<\/li>\r\n<li>zu verk\u00fcrzen (die Inanspruchnahme der Leistung f\u00fchrt zu einem fr\u00fcheren Ausscheiden aus dem Leistungsbezug),<\/li>\r\n<li>zu vermindern (durch Anrechnung der Leistung besteht Hilfebed\u00fcrftigkeit in geringerem Umfang). Haben Sie m\u00f6glicherweise einen Anspruch auf vorrangige Leistungen, so m\u00fcssen Sie diese beantragen.<\/li>\r\n<\/ul>\r\n\r\n\r\n\r\n<p>Beispiele f\u00fcr vorrangige Leistungen:<\/p>\r\n\r\n\r\n\r\n<ul class=\"wp-block-list\">\r\n<li>Kinderzuschlag, Wohngeld, Kindergeld, Mutterschaftsgeld, Elterngeld, Unterhalt\/ Unterhaltsvorschuss,<\/li>\r\n<li>Leistungen der Ausbildungs- und Arbeitsf\u00f6rderung: Arbeitslosengeld, Berufsausbildungsbeihilfe (BAB), Leistungen nach dem Bundesausbildungsf\u00f6rderungsgesetz (BAf\u00f6G),<\/li>\r\n<li>Leistungen der Krankenkassen: Krankengeld, Leistungen der medizinischen Rehabilitation,<\/li>\r\n<li>Leistungen der gesetzlichen Unfallversicherung: Verletztengeld, Rente wegen Minderung der Erwerbsf\u00e4higkeit,<\/li>\r\n<li>Leistungen der gesetzlichen Rentenversicherung: \u00dcbergangsgeld, Altersrente, Renten wegen teilweiser oder voller Erwerbsminderung, Hinterbliebenenrente.<\/li>\r\n<\/ul>\r\n\r\n\r\n\r\n<p>&nbsp;<\/p>\r\n\r\n\r\n<div  class=\"mp-row-fluid motopress-row\">\n\r\n\r\n<div class=\"mp-span10 motopress-clmn\">\n\r\n\r\n\r\n<p><div class=\"motopress-accordion-obj motopress-accordion\" id=\"69f2caf59138d\"><\/p>\r\n\r\n\r\n<div class=\"motopress-accordion-item\">\n<h3>Informationen nach der DSGVO<\/h3>\n<div>\n\r\n\r\n\r\n<p><a href=\"https:\/\/jobcenter.lra-sm.de\/wp-content\/uploads\/2026\/02\/Vorlage-Infopflicht-Art.-13-und-14-DSGVO.pdf\" download=\"\">Informationen nach der DSGVO<\/a><\/p>\r\n\r\n\r\n\r\n<p><\/div><\/div><\/p>\r\n<p><div class=\"motopress-accordion-item\"><h3>Merkblatt Grundsicherung f\u00fcr Arbeitsuchende SGB II des Kommunalen Jobcenters<\/h3><div><\/p>\r\n<p><a href=\"https:\/\/jobcenter.lra-sm.de\/wp-content\/uploads\/2024\/06\/LRA-Merkblatt-SGB-II_06-2024-1.pdf\" download=\"\"><img loading=\"lazy\" decoding=\"async\" class=\"alignnone size-medium wp-image-6232\" src=\"https:\/\/jobcenter.lra-sm.de\/wp-content\/uploads\/2024\/06\/Merkblatt-Deckblatt-214x300.png\" alt=\"\" width=\"214\" height=\"300\" \/><\/a><\/p>\r\n<p>&nbsp;<\/p>\r\n<p><\/div><\/div><\/p>\r\n\r\n\r\n\r\n<p><p class=\"motopress-hide-script\"><script type=\"text\/javascript\">\r\n                jQuery(document).ready(function($) {\r\n                    var mpAccordion = $(\".motopress-accordion-obj#69f2caf59138d\");\r\n                    if (mpAccordion.data(\"uiAccordion\")) {\r\n                        mpAccordion.accordion(\"destroy\");\r\n                    }\r\n                    mpAccordion.accordion({\r\n                        active: false,\r\n                        collapsible: true,\r\n                        header: \"> div > h3\",\r\n                        heightStyle: \"content\"\r\n                    });\r\n                });\r\n                <\/script><\/p><\/div><br \/><\/div><br \/><\/div><\/p>\r\n","protected":false},"excerpt":{"rendered":"Das B\u00fcrgergeld ist eine individuelle Leistung zur Sicherung Ihres Lebensunterhalts, die Sie beantragen k\u00f6nnen, wenn Sie den Lebensunterhalt Ihrer Bedarfsgemeinschaft nicht oder nicht vollst\u00e4ndig sicherstellen k\u00f6nnen (Freibetragsrechner hier). B\u00fcrgergeld wird auf Antrag gezahlt, wenn Sie oder Ihre Bedarfsgemeinschaft kein verwertbares Verm\u00f6gen haben, welches den Freibetrag \u00fcbersteigt und \u00fcber kein oder kein ausreichendes Einkommen verf\u00fcgen. Unter [&hellip;]","protected":false},"author":5,"featured_media":0,"parent":263,"menu_order":0,"comment_status":"closed","ping_status":"closed","template":"","meta":{"_et_pb_use_builder":"","_et_pb_old_content":"","_et_gb_content_width":"","footnotes":""},"class_list":["post-3333","page","type-page","status-publish","hentry"],"_links":{"self":[{"href":"https:\/\/jobcenter.lra-sm.de\/index.php?rest_route=\/wp\/v2\/pages\/3333","targetHints":{"allow":["GET"]}}],"collection":[{"href":"https:\/\/jobcenter.lra-sm.de\/index.php?rest_route=\/wp\/v2\/pages"}],"about":[{"href":"https:\/\/jobcenter.lra-sm.de\/index.php?rest_route=\/wp\/v2\/types\/page"}],"author":[{"embeddable":true,"href":"https:\/\/jobcenter.lra-sm.de\/index.php?rest_route=\/wp\/v2\/users\/5"}],"replies":[{"embeddable":true,"href":"https:\/\/jobcenter.lra-sm.de\/index.php?rest_route=%2Fwp%2Fv2%2Fcomments&post=3333"}],"version-history":[{"count":6,"href":"https:\/\/jobcenter.lra-sm.de\/index.php?rest_route=\/wp\/v2\/pages\/3333\/revisions"}],"predecessor-version":[{"id":6589,"href":"https:\/\/jobcenter.lra-sm.de\/index.php?rest_route=\/wp\/v2\/pages\/3333\/revisions\/6589"}],"up":[{"embeddable":true,"href":"https:\/\/jobcenter.lra-sm.de\/index.php?rest_route=\/wp\/v2\/pages\/263"}],"wp:attachment":[{"href":"https:\/\/jobcenter.lra-sm.de\/index.php?rest_route=%2Fwp%2Fv2%2Fmedia&parent=3333"}],"curies":[{"name":"wp","href":"https:\/\/api.w.org\/{rel}","templated":true}]}}