{"id":271,"date":"2026-02-16T03:00:58","date_gmt":"2026-02-16T03:00:58","guid":{"rendered":"http:\/\/www.lra-sm.de\/jobcenter\/?page_id=271"},"modified":"2026-02-16T10:52:23","modified_gmt":"2026-02-16T10:52:23","slug":"vermittlungsauftrag","status":"publish","type":"page","link":"https:\/\/jobcenter.lra-sm.de\/?page_id=271","title":{"rendered":"Vermittlungsauftrag"},"content":{"rendered":"<p><strong>Ihr Betrieb sucht sofort oder langfristig neue Mitarbeiter?<\/strong> Das Kommunale Jobcenter im Landkreis Schmalkalden-Meiningen verf\u00fcgt \u00fcber einen Arbeitgeberservice, der Ihnen mit Rat und Tat zur Seite steht. Schnell und unb\u00fcrokratisch k\u00fcmmern wir uns um die\u00a0<strong><a href=\"https:\/\/jobcenter.lra-sm.de\/wp-content\/uploads\/2016\/06\/AGS_Vermittlungsauftrag_Arbeitsstelle_Homepage.docx\" target=\"_blank\" rel=\"noopener noreferrer\">Stellenvermittlung (Vermittlungsauftrag Stellenangebot)<\/a><\/strong><a href=\"https:\/\/jobcenter.lra-sm.de\/wp-content\/uploads\/2016\/06\/AGS_Vermittlungsauftrag_Arbeitsstelle_Homepage.docx\" target=\"_blank\" rel=\"noopener noreferrer\">\u00a0<\/a>\/ <a href=\"https:\/\/jobcenter.lra-sm.de\/wp-content\/uploads\/2026\/02\/Vorlage-Infopflicht-Art.-13-und-14-DSGVO.pdf\" download=\"\">Information nach der DSGVO<\/a><\/p>\n<p><a href=\"https:\/\/jobcenter.lra-sm.de\/wp-content\/uploads\/2024\/06\/Arbeiter-in-Halle2_mittel_Foto-aleksandarlittlewolf-freepik.jpg\"><img loading=\"lazy\" decoding=\"async\" class=\"size-medium wp-image-6246 alignleft\" src=\"https:\/\/jobcenter.lra-sm.de\/wp-content\/uploads\/2024\/06\/Arbeiter-in-Halle2_mittel_Foto-aleksandarlittlewolf-freepik-300x200.jpg\" alt=\"\" width=\"300\" height=\"200\" \/><\/a>Unser Jobcenter unterst\u00fctzt arbeitslose Menschen des Landkreises Schmalkalden-Meiningen bei ihrer Arbeitsuche. Gemeinsam mit Ihnen als regionaler Arbeitgeber k\u00f6nnen wir Ihren zuk\u00fcnftigen Arbeitnehmer gezielt auf die Anforderungen des neuen Arbeitsplatzes vorbereiten. Sprechen wir dar\u00fcber und erstellen wir einen Qualifizierungsplan. Selbstverst\u00e4ndlich kommen wir dazu in Ihren Betrieb.<\/p>\n<div id=\"attachment_512\" style=\"width: 310px\" class=\"wp-caption alignright\"><a href=\"https:\/\/jobcenter.lra-sm.de\/wp-content\/uploads\/2016\/05\/Header_3.jpg\"><img loading=\"lazy\" decoding=\"async\" aria-describedby=\"caption-attachment-512\" class=\"wp-image-512 size-medium\" src=\"https:\/\/jobcenter.lra-sm.de\/wp-content\/uploads\/2016\/05\/Header_3-300x91.jpg\" alt=\"Foto: LRA\" width=\"300\" height=\"91\" srcset=\"https:\/\/jobcenter.lra-sm.de\/wp-content\/uploads\/2016\/05\/Header_3-300x91.jpg 300w, https:\/\/jobcenter.lra-sm.de\/wp-content\/uploads\/2016\/05\/Header_3-768x234.jpg 768w, https:\/\/jobcenter.lra-sm.de\/wp-content\/uploads\/2016\/05\/Header_3-1024x312.jpg 1024w, https:\/\/jobcenter.lra-sm.de\/wp-content\/uploads\/2016\/05\/Header_3.jpg 1169w\" sizes=\"(max-width: 300px) 100vw, 300px\" \/><\/a><p id=\"caption-attachment-512\" class=\"wp-caption-text\">Foto: LRA<\/p><\/div>\n<p>Wir beraten Sie \u00fcber F\u00f6rderm\u00f6glichkeiten bei versicherungspflichtiger Einstellung von Arbeitnehmern und informieren Sie zum<strong> <a href=\"https:\/\/jobcenter.lra-sm.de\/?p=4936\">Teilhabechancengesetz<\/a>.<\/strong><u><\/u> <strong>Informieren Sie uns, wenn Sie eine offene Stelle haben.<\/strong> \u00a0 \u00a0 <\/p>\n<div  class=\"mp-row-fluid motopress-row\">\n<div class=\"mp-span10 motopress-clmn\">\n<div class=\"motopress-accordion-obj motopress-accordion\" id=\"69e91d0f7d7b0\">\n<div class=\"motopress-accordion-item\">\n<h3>Formulare<\/h3>\n<div> <a href=\"https:\/\/jobcenter.lra-sm.de\/wp-content\/uploads\/2016\/06\/AGS_Vermittlungsauftrag_Arbeitsstelle_Homepage.docx\" target=\"_blank\" rel=\"noopener noreferrer\">Stellenvermittlung (Vermittlungsauftrag Stellenangebot)<\/a> <strong><a href=\"https:\/\/jobcenter.lra-sm.de\/wp-content\/uploads\/2020\/10\/Einwilligung-E-Mail-Kommunikation-1.pdf\" download=\"=\">Einwilligung<\/a>\u00a0<\/strong>zur Nutzung der E-Mail-Kommunikation mit dem Kommunalen Jobcenter <\/div>\n<\/div>\n<div class=\"motopress-accordion-item\">\n<h3>Informationen nach der DSGVO<\/h3>\n<div> <a href=\"https:\/\/jobcenter.lra-sm.de\/wp-content\/uploads\/2026\/02\/Vorlage-Infopflicht-Art.-13-und-14-DSGVO.pdf\" download=\"\">Informationen nach der DSGVO<\/a> <\/div>\n<\/div>\n<p class=\"motopress-hide-script\"><script type=\"text\/javascript\">\n                jQuery(document).ready(function($) {\n                    var mpAccordion = $(\".motopress-accordion-obj#69e91d0f7d7b0\");\n                    if (mpAccordion.data(\"uiAccordion\")) {\n                        mpAccordion.accordion(\"destroy\");\n                    }\n                    mpAccordion.accordion({\n                        active: false,\n                        collapsible: true,\n                        header: \"> div > h3\",\n                        heightStyle: \"content\"\n                    });\n                });\n                <\/script><\/p>\n<\/div><\/div>\n<\/p><\/div>\n","protected":false},"excerpt":{"rendered":"Ihr Betrieb sucht sofort oder langfristig neue Mitarbeiter? Das Kommunale Jobcenter im Landkreis Schmalkalden-Meiningen verf\u00fcgt \u00fcber einen Arbeitgeberservice, der Ihnen mit Rat und Tat zur Seite steht. Schnell und unb\u00fcrokratisch k\u00fcmmern wir uns um die\u00a0Stellenvermittlung (Vermittlungsauftrag Stellenangebot)\u00a0\/ Information nach der DSGVO Unser Jobcenter unterst\u00fctzt arbeitslose Menschen des Landkreises Schmalkalden-Meiningen bei ihrer Arbeitsuche. Gemeinsam mit Ihnen [&hellip;]","protected":false},"author":4,"featured_media":0,"parent":261,"menu_order":0,"comment_status":"closed","ping_status":"closed","template":"","meta":{"_et_pb_use_builder":"off","_et_pb_old_content":"","_et_gb_content_width":"","footnotes":""},"class_list":["post-271","page","type-page","status-publish","hentry"],"_links":{"self":[{"href":"https:\/\/jobcenter.lra-sm.de\/index.php?rest_route=\/wp\/v2\/pages\/271","targetHints":{"allow":["GET"]}}],"collection":[{"href":"https:\/\/jobcenter.lra-sm.de\/index.php?rest_route=\/wp\/v2\/pages"}],"about":[{"href":"https:\/\/jobcenter.lra-sm.de\/index.php?rest_route=\/wp\/v2\/types\/page"}],"author":[{"embeddable":true,"href":"https:\/\/jobcenter.lra-sm.de\/index.php?rest_route=\/wp\/v2\/users\/4"}],"replies":[{"embeddable":true,"href":"https:\/\/jobcenter.lra-sm.de\/index.php?rest_route=%2Fwp%2Fv2%2Fcomments&post=271"}],"version-history":[{"count":13,"href":"https:\/\/jobcenter.lra-sm.de\/index.php?rest_route=\/wp\/v2\/pages\/271\/revisions"}],"predecessor-version":[{"id":6596,"href":"https:\/\/jobcenter.lra-sm.de\/index.php?rest_route=\/wp\/v2\/pages\/271\/revisions\/6596"}],"up":[{"embeddable":true,"href":"https:\/\/jobcenter.lra-sm.de\/index.php?rest_route=\/wp\/v2\/pages\/261"}],"wp:attachment":[{"href":"https:\/\/jobcenter.lra-sm.de\/index.php?rest_route=%2Fwp%2Fv2%2Fmedia&parent=271"}],"curies":[{"name":"wp","href":"https:\/\/api.w.org\/{rel}","templated":true}]}}