{"id":263,"date":"2026-02-16T03:00:00","date_gmt":"2026-02-16T03:00:00","guid":{"rendered":"http:\/\/www.lra-sm.de\/jobcenter\/?page_id=263"},"modified":"2026-02-16T10:27:03","modified_gmt":"2026-02-16T10:27:03","slug":"fuer-arbeitnehmer","status":"publish","type":"page","link":"https:\/\/jobcenter.lra-sm.de\/?page_id=263","title":{"rendered":"F\u00fcr Arbeitsuchende"},"content":{"rendered":"<h2>Wir setzen uns f\u00fcr Sie ein<\/h2>\n<p>&nbsp;<\/p>\n<div id=\"attachment_3040\" style=\"width: 225px\" class=\"wp-caption alignleft\"><img loading=\"lazy\" decoding=\"async\" aria-describedby=\"caption-attachment-3040\" class=\"wp-image-3040 size-medium\" src=\"https:\/\/jobcenter.lra-sm.de\/wp-content\/uploads\/2019\/11\/KJC-Leitmotiv-HF-RGB-215x300.jpg\" alt=\"Aufgaben Jobcenter Schmalkalden-Meiningen\" width=\"215\" height=\"300\" srcset=\"https:\/\/jobcenter.lra-sm.de\/wp-content\/uploads\/2019\/11\/KJC-Leitmotiv-HF-RGB-215x300.jpg 215w, https:\/\/jobcenter.lra-sm.de\/wp-content\/uploads\/2019\/11\/KJC-Leitmotiv-HF-RGB-768x1072.jpg 768w, https:\/\/jobcenter.lra-sm.de\/wp-content\/uploads\/2019\/11\/KJC-Leitmotiv-HF-RGB-734x1024.jpg 734w\" sizes=\"(max-width: 215px) 100vw, 215px\" \/><p id=\"caption-attachment-3040\" class=\"wp-caption-text\">Foto: Deutscher Landkreistag<\/p><\/div>\n<p>Wir verstehen uns als Dienstleister, die Sie auf Ihrem Weg in Arbeit begleiten und unterst\u00fctzen. Voraussetzung hierf\u00fcr ist Ihre Mitarbeit, denn nur gemeinsam k\u00f6nnen wir etwas erreichen.<\/p>\n<h3>Unsere Aufgaben<\/h3>\n<p>Menschen, die \u00fcber l\u00e4ngere Zeit keine Ausbildungs- oder Arbeitsstelle finden, stehen oft vor einer Vielzahl von Problemen. Wir konzentrieren uns auf das, was wir wirklich tun k\u00f6nnen und was unsere Aufgabe ist: Wir sichern die Existenz der hilfebed\u00fcrftigen Menschen. Die Sicherung des Lebensunterhalts ist allerdings nur der erste Schritt. Leistungsberechtige wieder in ein Arbeitsverh\u00e4ltnis zu bringen, das sie unabh\u00e4ngig macht von Grundsicherungsleistungen, ist der n\u00e4chste. Wir gehen diese Aufgabe an, indem wir den Menschen beratend \u00a0und best\u00e4rkend zur Seite stehen. Wir vermitteln ihnen ihre Rechte und Pflichten, ihre Chancen, aber auch die an sie gestellten Anforderungen auf individuelle Weise und erarbeiten gemeinsam konkrete L\u00f6sungsvorschl\u00e4ge. F\u00fcr uns hei\u00dft das: Wir begleiten Arbeitsuchende auf \u00a0ihrem Weg ins Arbeitsleben.<\/p>\n<p>&nbsp;<\/p>\n<p>&nbsp;<\/p>\n<div  class=\"mp-row-fluid motopress-row\">\n<div class=\"mp-span10 motopress-clmn\">\n<div class=\"motopress-accordion-obj motopress-accordion\" id=\"69d556191ea9f\">\n<div class=\"motopress-accordion-item\">\n<h3>Kontakt<\/h3>\n<div>\n<strong>Meiningen:<br \/>\n<\/strong>Landratsamt Schmalkalden-Meiningen<br \/>\nFachbereich Arbeit &#8211; FD Sicherung des Lebensunterhalts Meiningen<br \/>\nObertsh\u00e4user Platz 1<br \/>\n98617 Meiningen<br \/>\nTel.: 03693 \u00a0485 8444<br \/>\nE-Mail: <a href=\"mailto:sst_jobcenter@lra-sm.de\">sst_jobcenter(a)lra-sm.de<\/a><\/p>\n<p><strong><a href=\"https:\/\/jobcenter.lra-sm.de\/wp-content\/uploads\/2020\/10\/Einwilligung-E-Mail-Kommunikation.pdf\" download=\"=\">Einwilligung<\/a>\u00a0<\/strong>zur Nutzung der E-Mail-Kommunikation mit dem Kommunalen Jobcenter<\/p>\n<p>Bitte nutzen Sie unser<a href=\"https:\/\/jobcenter.lra-sm.de\/?page_id=246\"><strong> Kontaktformular<\/strong><\/a>.\n<\/div>\n<\/div>\n<p>[\/mp_accordion_item] <\/p>\n<div class=\"motopress-accordion-item\">\n<h3>Informationen nach der DSGVO<\/h3>\n<div> <a href=\"https:\/\/jobcenter.lra-sm.de\/wp-content\/uploads\/2026\/02\/Vorlage-Infopflicht-Art.-13-und-14-DSGVO.pdf\" download=\"\">Informationen nach der DSGVO<\/a> <\/div>\n<\/div>\n<div class=\"motopress-accordion-item\">\n<h3>Merkblatt Grundsicherung f\u00fcr Arbeitsuchende SGB II des Kommunalen Jobcenters<\/h3>\n<div>\n<p><a href=\"https:\/\/jobcenter.lra-sm.de\/wp-content\/uploads\/2024\/06\/LRA-Merkblatt-SGB-II_06-2024-1.pdf\" download=\"\"><img loading=\"lazy\" decoding=\"async\" class=\"alignnone size-medium wp-image-6232\" src=\"https:\/\/jobcenter.lra-sm.de\/wp-content\/uploads\/2024\/06\/Merkblatt-Deckblatt-214x300.png\" alt=\"\" width=\"214\" height=\"300\" \/><\/a><\/p>\n<p>&nbsp;<\/p>\n<\/div>\n<\/div>\n<div class=\"motopress-accordion-item\">\n<h3>Merkbl\u00e4tter \/ Informationen<\/h3>\n<div> <a href=\"https:\/\/jobcenter.lra-sm.de\/?page_id=1343\">Informationen zur Antragstellung B\u00fcrgergeld und zu geplantem Umzug finden Sie hier in verschiedenen Sprachen.<\/a>\n<\/div>\n<\/div>\n<p class=\"motopress-hide-script\"><script type=\"text\/javascript\">\n                jQuery(document).ready(function($) {\n                    var mpAccordion = $(\".motopress-accordion-obj#69d556191ea9f\");\n                    if (mpAccordion.data(\"uiAccordion\")) {\n                        mpAccordion.accordion(\"destroy\");\n                    }\n                    mpAccordion.accordion({\n                        active: false,\n                        collapsible: true,\n                        header: \"> div > h3\",\n                        heightStyle: \"content\"\n                    });\n                });\n                <\/script><\/p>\n<\/div><\/div>\n<\/p><\/div>\n","protected":false},"excerpt":{"rendered":"Wir setzen uns f\u00fcr Sie ein &nbsp; Wir verstehen uns als Dienstleister, die Sie auf Ihrem Weg in Arbeit begleiten und unterst\u00fctzen. Voraussetzung hierf\u00fcr ist Ihre Mitarbeit, denn nur gemeinsam k\u00f6nnen wir etwas erreichen. Unsere Aufgaben Menschen, die \u00fcber l\u00e4ngere Zeit keine Ausbildungs- oder Arbeitsstelle finden, stehen oft vor einer Vielzahl von Problemen. Wir konzentrieren [&hellip;]","protected":false},"author":4,"featured_media":0,"parent":0,"menu_order":0,"comment_status":"closed","ping_status":"closed","template":"","meta":{"_et_pb_use_builder":"off","_et_pb_old_content":"","_et_gb_content_width":"","footnotes":""},"class_list":["post-263","page","type-page","status-publish","hentry"],"_links":{"self":[{"href":"https:\/\/jobcenter.lra-sm.de\/index.php?rest_route=\/wp\/v2\/pages\/263","targetHints":{"allow":["GET"]}}],"collection":[{"href":"https:\/\/jobcenter.lra-sm.de\/index.php?rest_route=\/wp\/v2\/pages"}],"about":[{"href":"https:\/\/jobcenter.lra-sm.de\/index.php?rest_route=\/wp\/v2\/types\/page"}],"author":[{"embeddable":true,"href":"https:\/\/jobcenter.lra-sm.de\/index.php?rest_route=\/wp\/v2\/users\/4"}],"replies":[{"embeddable":true,"href":"https:\/\/jobcenter.lra-sm.de\/index.php?rest_route=%2Fwp%2Fv2%2Fcomments&post=263"}],"version-history":[{"count":14,"href":"https:\/\/jobcenter.lra-sm.de\/index.php?rest_route=\/wp\/v2\/pages\/263\/revisions"}],"predecessor-version":[{"id":6584,"href":"https:\/\/jobcenter.lra-sm.de\/index.php?rest_route=\/wp\/v2\/pages\/263\/revisions\/6584"}],"wp:attachment":[{"href":"https:\/\/jobcenter.lra-sm.de\/index.php?rest_route=%2Fwp%2Fv2%2Fmedia&parent=263"}],"curies":[{"name":"wp","href":"https:\/\/api.w.org\/{rel}","templated":true}]}}