{"id":252,"date":"2016-04-24T07:00:30","date_gmt":"2016-04-24T07:00:30","guid":{"rendered":"http:\/\/www.lra-sm.de\/jobcenter\/?page_id=252"},"modified":"2019-04-24T13:34:14","modified_gmt":"2019-04-24T13:34:14","slug":"oertlicher-beirat","status":"publish","type":"page","link":"https:\/\/jobcenter.lra-sm.de\/?page_id=252","title":{"rendered":"\u00d6rtlicher Beirat"},"content":{"rendered":"<p>Zur Unterst\u00fctzung der Arbeit des Fachbereichs Arbeit \u2013 Kommunales Jobcenter im\u00a0Landkreis Schmalkalden-Meiningen wurde\u00a02012 mit Beschlussfassung des Kreistages ein \u00f6rtlicher Beirat nach \u00a7 18d SGB II gebildet. Er f\u00fchrt den Namen \u201eBeirat des kommunalen Jobcenters des Landkreises Schmalkalden-Meiningen\u201c.<\/p>\n<p><strong>Zu seinen Aufgaben geh\u00f6ren:<\/strong><br \/>\nBeratung und Empfehlungen f\u00fcr die Arbeit des Kommunalen Jobcenters bei der Auswahl\u00a0 und Gestaltung der Eingliederungsinstrumente und -ma\u00dfnahmen.<\/p>\n<p>Die Stellungnahmen des Beirats, insbesondere diejenigen der Vertreter der Arbeitgeber und Arbeitnehmer, hat das Kommunale Jobcenter zu ber\u00fccksichtigen. Er wird bei Ausschreibungsverfahren im Bedarfsfall hinzugezogen.<\/p>\n<p>Der \u00f6rtliche Beirat kann dem Kommunalen Jobcenter Ma\u00dfnahmen empfehlen, die\u00a0der Wiedereingliederung in Arbeit f\u00fcr betroffene Hilfeempf\u00e4nger, dem Grundsatz des F\u00f6rderns und Forderns gem\u00e4\u00df \u00a7 1 SGB II und der Umsetzung des SGB II im Allgemeinen dienlich und zweckm\u00e4\u00dfig sind.<\/p>\n<p>Das Kommunale Jobcenter informiert das Gremium umfassend \u00fcber laufende und geplante Ma\u00dfnahmen im Vorfeld der Entscheidungsfindung.<\/p>\n<p>Der Beirat fasst seine Beschl\u00fcsse sowie seine Empfehlungen an die Leitung des Kommunalen Jobcenters im Konsens der im Beirat vertretenen Arbeitsmarktakteure. Die Vertreter\u00a0kommen alle sechs Monate zu einer Beratung zusammen.<\/p>\n<p><strong>Der Beirat setzt sich wie folgt zusammen:<\/strong><br \/>\nMit je einem Vertreter bzw. Stellvertreter aus unten stehenden regionalen Institutionen<\/p>\n<ol>\n<li style=\"list-style-type: none;\">\n<ul>\n<li>IHK S\u00fcdth\u00fcringen<\/li>\n<li>HWK S\u00fcdth\u00fcringen<\/li>\n<li>Kreishandwerkerschaft Schmalkalden-Meiningen<\/li>\n<li>Liga der freien Wohlfahrtspflege<\/li>\n<li>DGB, Region S\u00fcdth\u00fcringen<\/li>\n<li>St\u00e4dte- und Gemeindebund \u2013 St\u00e4dte\/Gemeinden<\/li>\n<li>jeder Fraktion des Kreistages<\/li>\n<li>Regionalstelle der Gesellschaft f\u00fcr Arbeits- und Wirtschaftsf\u00f6rderung des Freistaates Th\u00fcringen mbH<\/li>\n<li>Agentur f\u00fcr Arbeit<\/li>\n<\/ul>\n<\/li>\n<\/ol>\n","protected":false},"excerpt":{"rendered":"Zur Unterst\u00fctzung der Arbeit des Fachbereichs Arbeit \u2013 Kommunales Jobcenter im\u00a0Landkreis Schmalkalden-Meiningen wurde\u00a02012 mit Beschlussfassung des Kreistages ein \u00f6rtlicher Beirat nach \u00a7 18d SGB II gebildet. Er f\u00fchrt den Namen \u201eBeirat des kommunalen Jobcenters des Landkreises Schmalkalden-Meiningen\u201c. Zu seinen Aufgaben geh\u00f6ren: Beratung und Empfehlungen f\u00fcr die Arbeit des Kommunalen Jobcenters bei der Auswahl\u00a0 und Gestaltung [&hellip;]","protected":false},"author":4,"featured_media":0,"parent":0,"menu_order":0,"comment_status":"closed","ping_status":"closed","template":"","meta":{"_et_pb_use_builder":"","_et_pb_old_content":"","_et_gb_content_width":"","footnotes":""},"class_list":["post-252","page","type-page","status-publish","hentry"],"_links":{"self":[{"href":"https:\/\/jobcenter.lra-sm.de\/index.php?rest_route=\/wp\/v2\/pages\/252","targetHints":{"allow":["GET"]}}],"collection":[{"href":"https:\/\/jobcenter.lra-sm.de\/index.php?rest_route=\/wp\/v2\/pages"}],"about":[{"href":"https:\/\/jobcenter.lra-sm.de\/index.php?rest_route=\/wp\/v2\/types\/page"}],"author":[{"embeddable":true,"href":"https:\/\/jobcenter.lra-sm.de\/index.php?rest_route=\/wp\/v2\/users\/4"}],"replies":[{"embeddable":true,"href":"https:\/\/jobcenter.lra-sm.de\/index.php?rest_route=%2Fwp%2Fv2%2Fcomments&post=252"}],"version-history":[{"count":0,"href":"https:\/\/jobcenter.lra-sm.de\/index.php?rest_route=\/wp\/v2\/pages\/252\/revisions"}],"wp:attachment":[{"href":"https:\/\/jobcenter.lra-sm.de\/index.php?rest_route=%2Fwp%2Fv2%2Fmedia&parent=252"}],"curies":[{"name":"wp","href":"https:\/\/api.w.org\/{rel}","templated":true}]}}