{"id":248,"date":"2026-02-16T05:00:00","date_gmt":"2026-02-16T05:00:00","guid":{"rendered":"http:\/\/www.lra-sm.de\/jobcenter\/?page_id=248"},"modified":"2026-02-16T10:59:11","modified_gmt":"2026-02-16T10:59:11","slug":"schuldnerberatung","status":"publish","type":"page","link":"https:\/\/jobcenter.lra-sm.de\/?page_id=248","title":{"rendered":"Schuldner- und Verbraucherinsolvenzberatung"},"content":{"rendered":"<p class=\"has-medium-font-size\">Die Schuldner- und Verbraucherinsolvenzberatungsstelle des Landkreises Schmalkalden-Meiningen informiert:<\/p>\r\nEine pers\u00f6nliche Vorsprache im Kommunalen Jobcenter bzw. in der Schuldner- und Verbraucherinsolvenzberatung ist nur mit vorheriger Terminvereinbarung m\u00f6glich. Um Ihnen unn\u00f6tige Wartezeiten zu ersparen nutzen Sie bitte die <strong><a href=\"https:\/\/jobcenter.lra-sm.de\/?page_id=5730\">Online-Terminbuchung<\/a><\/strong>. Es\u00a0 gelten die \u00fcblichen Dienstzeiten von Montag bis Freitag.\r\nDar\u00fcber hinaus stehen die Mitarbeiter*innen der Beratungsstelle f\u00fcr Anfragen, Terminabsprachen telefonisch und online im Kontaktformular bzw. per E-Mail zur Verf\u00fcgung.\r\n\r\n\r\n\r\nSie erreichen uns wie folgt:\r\n\r\n\n<table id=\"tablepress-15\" class=\"tablepress tablepress-id-15\">\n<tbody class=\"row-striping row-hover\">\n<tr class=\"row-1\">\n\t<td class=\"column-1\">Montag<\/td><td class=\"column-2\">8:30 Uhr bis 12:00 Uhr<\/td><td class=\"column-3\">und <\/td><td class=\"column-4\">13:00 Uhr bis 15:30 Uhr<\/td>\n<\/tr>\n<tr class=\"row-2\">\n\t<td class=\"column-1\">Dienstag<\/td><td class=\"column-2\">8:30 Uhr bis 12:00 Uhr<\/td><td class=\"column-3\">und <\/td><td class=\"column-4\">13.00 Uhr bis 15:30 Uhr<\/td>\n<\/tr>\n<tr class=\"row-3\">\n\t<td class=\"column-1\">Donnerstag<\/td><td class=\"column-2\">8:30 Uhr bis 12:00 Uhr <\/td><td class=\"column-3\">und<\/td><td class=\"column-4\">13.00 Uhr bis 17:30 Uhr<\/td>\n<\/tr>\n<tr class=\"row-4\">\n\t<td class=\"column-1\">Freitag<\/td><td class=\"column-2\">8:30 Uhr bis 12:00 Uhr<\/td><td class=\"column-3\"><\/td><td class=\"column-4\"><\/td>\n<\/tr>\n<\/tbody>\n<\/table>\n<!-- #tablepress-15 from cache -->\r\n\r\nTelefon: 03693 485 8517\r\n\r\nFax:\u00a0\u00a0\u00a0\u00a0\u00a0 03693 485 8575\r\n\r\n<a href=\"mailto:schuldnerberatung@lra-sm.de\">schuldnerberatung@lra-sm.de<\/a>\r\n\r\n<a role=\"link\" href=\"https:\/\/jobcenter.lra-sm.de\/wp-content\/uploads\/2022\/02\/Einwilligungserklaerung-E-Mail-Kommunikation-mit-der-Schuldnerberatung.pdf\" download=\"\">Einwilligung<\/a>\u00a0zur Nutzung der E-Mail-Kommunikation mit der Schuldner- und Verbraucherinsolvenzberatungsstelle.\r\n\r\n______________________________________________________________________________\r\n\r\n<strong>Geldnot? Finanzprobleme? Insolvenz?<\/strong>\r\n\r\n<div id=\"attachment_3166\" style=\"width: 186px\" class=\"wp-caption alignright\"><a href=\"https:\/\/jobcenter.lra-sm.de\/wp-content\/uploads\/2020\/02\/Flyer_Schuldnerberatung_korr_14.02.2010.pdf\"><img loading=\"lazy\" decoding=\"async\" aria-describedby=\"caption-attachment-3166\" class=\"wp-image-3166 size-medium\" src=\"https:\/\/jobcenter.lra-sm.de\/wp-content\/uploads\/2020\/02\/Foto-Flyer-3-176x300.jpg\" alt=\"Rat und Hilfe bei Schulden \u2013 \u00f6ffnet PDF Dokument\" width=\"176\" height=\"300\" srcset=\"https:\/\/jobcenter.lra-sm.de\/wp-content\/uploads\/2020\/02\/Foto-Flyer-3-176x300.jpg 176w, https:\/\/jobcenter.lra-sm.de\/wp-content\/uploads\/2020\/02\/Foto-Flyer-3.jpg 303w\" sizes=\"(max-width: 176px) 100vw, 176px\" \/><\/a><p id=\"caption-attachment-3166\" class=\"wp-caption-text\">Flyer &#8211; bitte anklicken<\/p><\/div>\r\n<p style=\"text-align: left;\">Die Beratungsstelle Schuldner- und Verbraucherinsolvenz bietet jenen Menschen Rat und Hilfe, die in finanzielle Not geraten sind und ihren geldlichen Verpflichtungen nicht mehr nachkommen k\u00f6nnen. Die Beratungsstelle steht allen Ratsuchenden aus dem Landkreis Schmalkalden-Meiningen offen und bietet unentgeltlich kompetente Unterst\u00fctzung im Rahmen von Schuldner- und Verbraucherinsolvenzberatung an. Gemeinsam werden L\u00f6sungen und Auswege aus der Schuldenfalle gesucht.<\/p>\r\nDie Mitarbeiter\/innen unterst\u00fctzen dabei:\r\n<ul>\r\n \t<li>einen \u00dcberblick \u00fcber die Einnahmen und Ausgaben zu gewinnen<\/li>\r\n \t<li>den notwendigen Lebensunterhalt sicherzustellen<\/li>\r\n \t<li>Einsparungsm\u00f6glichkeiten herauszufinden<\/li>\r\n \t<li>die Ursachen der Verschuldungsprobleme zu kl\u00e4ren, um Neuverschuldungen vorzubeugen<\/li>\r\n \t<li>unberechtigte Forderungen abzuwenden<\/li>\r\n \t<li>geeignete Regulierungspl\u00e4ne zu erstellen u.a.<\/li>\r\n<\/ul>\r\nWeitere n\u00fctzliche Informationen finden Sie in unserem Flyer &#8222;Rat &amp; Hilfe bei Schulden&#8220;.\r\n\r\n<div  class=\"mp-row-fluid motopress-row\">\r\n\r\n<div class=\"mp-span10 motopress-clmn\">\r\n\r\n<div class=\"motopress-accordion-obj motopress-accordion motopress-accordion-light\" id=\"69eb3119b09a7\">\r\n\r\n<div class=\"motopress-accordion-item\"><h3>Kontakt \/ Anmeldepaket<\/h3><div>\r\n\r\nLandratsamt Schmalkalden-Meiningen\r\nFachbereich Arbeit\r\nSchuldner- und Verbraucherinsolvenzberatung\r\nObertsh\u00e4user Platz 1\r\n98617 Meiningen\r\nTel.: 03693 485-8517\r\nE-Mail: <a href=\"mailto:schuldnerberatung@lra-sm.de\">schuldnerberatung(a)lra-sm.de<\/a>\r\n\r\n<strong>F\u00fcr die Anmeldung zu einer verbindlichen Beratung bitten wir Sie, das Anmeldepaket ausgef\u00fcllt an uns zu senden.<\/strong>\r\n\r\nPDF herunterladen und bearbeiten: <a href=\"https:\/\/jobcenter.lra-sm.de\/wp-content\/uploads\/2023\/06\/ANMELDEPAKET_Schuldnerberatung_Juli-2023docx.pdf\" download=\"\"><strong>ANMELDEPAKET Schuldnerberatung<\/strong><\/a>\r\n(Die heruntergeladene PDF k\u00f6nnen Sie mit einem kostenlosen PDF-Reader ihrer Wahl bearbeiten. Wie zum Beispiel:\u00a0<a href=\"https:\/\/get.adobe.com\/de\/reader\/\" target=\"_blank\" rel=\"noopener noreferrer\">Adobe Acrobat Reader DC<\/a> oder <a href=\"https:\/\/www.foxitsoftware.com\/de\/pdf-reader\/\" target=\"_blank\" rel=\"noopener noreferrer\">Foxit Reader<\/a>)\r\n\r\n<\/div><\/div>\r\n\r\n<div class=\"motopress-accordion-item\"><h3>Informationen und Formulare<\/h3><div>\r\n\r\n<a href=\"https:\/\/jobcenter.lra-sm.de\/wp-content\/uploads\/2020\/02\/Basiskonto.pdf\" download=\"\">Basiskonto<\/a>\r\n\r\n<a href=\"https:\/\/jobcenter.lra-sm.de\/wp-content\/uploads\/2025\/06\/Erhebungsbogen-ab-01.07.2025.pdf\" download=\"\">Pf\u00e4ndungsschutzkonto \/ Erhebungsbogen<\/a>\r\n\r\n<a href=\"https:\/\/jobcenter.lra-sm.de\/wp-content\/uploads\/2025\/06\/Pfaendungsschutzkonto-Informationsblatt-St-07.2025.pdf\" download=\"\">Pf\u00e4ndungsschutzkonto \/ Allgemeine Informationen<\/a>\r\n\r\n<a href=\"https:\/\/jobcenter.lra-sm.de\/wp-content\/uploads\/2023\/06\/Haushaltsplan-Stand-07.2023.pdf\" download=\"\">Haushaltsplan<\/a>\r\n\r\n<a href=\"https:\/\/jobcenter.lra-sm.de\/wp-content\/uploads\/2025\/06\/Lohnabtretung-und-pfaendung-Stand-07.2025.pdf\" download=\"\">Lohnpf\u00e4ndung und -abtretung<\/a>\r\n\r\n<a href=\"https:\/\/jobcenter.lra-sm.de\/wp-content\/uploads\/2022\/07\/Schufa-Stand-07.2022.pdf\" download=\"\">Schufa<\/a>\r\n\r\n<a href=\"https:\/\/jobcenter.lra-sm.de\/wp-content\/uploads\/2020\/02\/Verm\u00f6gensauskunft.pdf\" download=\"\">Verm\u00f6gensauskunft<\/a>\r\n\r\n<a href=\"https:\/\/jobcenter.lra-sm.de\/wp-content\/uploads\/2020\/11\/Glaeubigerliste.pdf\" download=\"\">Gl\u00e4ubigerliste<\/a>\r\n\r\n<a href=\"https:\/\/jobcenter.lra-sm.de\/wp-content\/uploads\/2020\/02\/Energieschulden.pdf\" download=\"\">Energieschulden<\/a>\r\n\r\n<a href=\"https:\/\/jobcenter.lra-sm.de\/wp-content\/uploads\/2020\/02\/Mietschulden.pdf\" download=\"\">Mietschulden<\/a>\r\n\r\n<\/div><\/div>\r\n\r\n<div class=\"motopress-accordion-item\"><h3>N\u00fctzliche Links<\/h3><div>\r\n\r\n<a href=\"https:\/\/www.lag-sb-thueringen.de\/\">Landesarbeitsgemeinschaft Schuldnerberatung Th\u00fcringen e.V.<\/a>\r\n\r\n<a href=\"https:\/\/www.meine-schulden.de\/\">Bundesarbeitsgemeinschaft Schuldnerberatung e.V. &#8211; Sie haben Schulden und suchen Unterst\u00fctzung?<\/a>\r\n\r\n<\/div><\/div>\r\n\r\n<div class=\"motopress-accordion-item\"><h3>Informationen nach der DSGVO<\/h3><div>\r\n\r\n<a href=\"https:\/\/jobcenter.lra-sm.de\/wp-content\/uploads\/2026\/02\/Informationspflicht-zur-Erhebung-von-personenbezogenen-Daten.pdf\" download=\"\">Informationspflicht zur Erhebung von personenbezogenen Daten nach Art. 13 und 14 Datenschutz-Grundverordnung (DSGVO)<\/a>\r\n\r\n<\/div><\/div>\r\n\r\n<p class=\"motopress-hide-script\"><script type=\"text\/javascript\">\r\n                jQuery(document).ready(function($) {\r\n                    var mpAccordion = $(\".motopress-accordion-obj#69eb3119b09a7\");\r\n                    if (mpAccordion.data(\"uiAccordion\")) {\r\n                        mpAccordion.accordion(\"destroy\");\r\n                    }\r\n                    mpAccordion.accordion({\r\n                        active: false,\r\n                        collapsible: true,\r\n                        header: \"> div > h3\",\r\n                        heightStyle: \"content\"\r\n                    });\r\n                });\r\n                <\/script><\/p><\/div>\r\n\r\n<\/div>\r\n\r\n<\/div><!-- \/wp:post-content -->","protected":false},"excerpt":{"rendered":"Die Schuldner- und Verbraucherinsolvenzberatungsstelle des Landkreises Schmalkalden-Meiningen informiert: Eine pers\u00f6nliche Vorsprache im Kommunalen Jobcenter bzw. in der Schuldner- und Verbraucherinsolvenzberatung ist nur mit vorheriger Terminvereinbarung m\u00f6glich. Um Ihnen unn\u00f6tige Wartezeiten zu ersparen nutzen Sie bitte die Online-Terminbuchung. Es\u00a0 gelten die \u00fcblichen Dienstzeiten von Montag bis Freitag. Dar\u00fcber hinaus stehen die Mitarbeiter*innen der Beratungsstelle f\u00fcr Anfragen, [&hellip;]","protected":false},"author":5,"featured_media":0,"parent":0,"menu_order":0,"comment_status":"closed","ping_status":"closed","template":"","meta":{"_et_pb_use_builder":"","_et_pb_old_content":"","_et_gb_content_width":"","footnotes":""},"class_list":["post-248","page","type-page","status-publish","hentry"],"_links":{"self":[{"href":"https:\/\/jobcenter.lra-sm.de\/index.php?rest_route=\/wp\/v2\/pages\/248","targetHints":{"allow":["GET"]}}],"collection":[{"href":"https:\/\/jobcenter.lra-sm.de\/index.php?rest_route=\/wp\/v2\/pages"}],"about":[{"href":"https:\/\/jobcenter.lra-sm.de\/index.php?rest_route=\/wp\/v2\/types\/page"}],"author":[{"embeddable":true,"href":"https:\/\/jobcenter.lra-sm.de\/index.php?rest_route=\/wp\/v2\/users\/5"}],"replies":[{"embeddable":true,"href":"https:\/\/jobcenter.lra-sm.de\/index.php?rest_route=%2Fwp%2Fv2%2Fcomments&post=248"}],"version-history":[{"count":51,"href":"https:\/\/jobcenter.lra-sm.de\/index.php?rest_route=\/wp\/v2\/pages\/248\/revisions"}],"predecessor-version":[{"id":6598,"href":"https:\/\/jobcenter.lra-sm.de\/index.php?rest_route=\/wp\/v2\/pages\/248\/revisions\/6598"}],"wp:attachment":[{"href":"https:\/\/jobcenter.lra-sm.de\/index.php?rest_route=%2Fwp%2Fv2%2Fmedia&parent=248"}],"curies":[{"name":"wp","href":"https:\/\/api.w.org\/{rel}","templated":true}]}}