{"id":244,"date":"2026-02-16T03:00:30","date_gmt":"2026-02-16T03:00:30","guid":{"rendered":"http:\/\/www.lra-sm.de\/jobcenter\/?page_id=244"},"modified":"2026-02-16T10:17:12","modified_gmt":"2026-02-16T10:17:12","slug":"oeffnungszeiten","status":"publish","type":"page","link":"https:\/\/jobcenter.lra-sm.de\/?page_id=244","title":{"rendered":"Servicezeiten"},"content":{"rendered":"<p>Das Kommunale Jobcenter mit der Au\u00dfenstelle Schmalkalden bzw. die Schuldner- und Verbraucherinsolvenzberatung sind f\u00fcr eine pers\u00f6nliche Vorsprache nur mit vorheriger Terminvereinbarung zug\u00e4nglich. Grunds\u00e4tzlich gelten die \u00fcblichen Dienstzeiten von Montag bis Freitag. Um Ihnen unn\u00f6tige Wartezeiten zu ersparen, nutzen Sie bitte die <strong><a href=\"https:\/\/jobcenter.lra-sm.de\/?page_id=5730\">Online-Terminbuchung<\/a><\/strong>. Dienstleistungen und Beratungen werden auch telefonisch, digital, per Mail oder Post geleistet.<br \/>Zutritt zum Kommunalen Jobcenter wird ausschlie\u00dflich zum gebuchten Termin erteilt.\u00a0<\/p>\r\n<div id=\"attachment_949\" style=\"width: 310px\" class=\"wp-caption alignright\"><a href=\"https:\/\/jobcenter.lra-sm.de\/wp-content\/uploads\/2016\/06\/JObcenter-052_Eingang_1a.jpg\"><img loading=\"lazy\" decoding=\"async\" aria-describedby=\"caption-attachment-949\" class=\"wp-image-949 size-medium\" src=\"https:\/\/jobcenter.lra-sm.de\/wp-content\/uploads\/2016\/06\/JObcenter-052_Eingang_1a-300x200.jpg\" alt=\"LRA\" width=\"300\" height=\"200\" srcset=\"https:\/\/jobcenter.lra-sm.de\/wp-content\/uploads\/2016\/06\/JObcenter-052_Eingang_1a-300x200.jpg 300w, https:\/\/jobcenter.lra-sm.de\/wp-content\/uploads\/2016\/06\/JObcenter-052_Eingang_1a-768x512.jpg 768w, https:\/\/jobcenter.lra-sm.de\/wp-content\/uploads\/2016\/06\/JObcenter-052_Eingang_1a-1024x683.jpg 1024w\" sizes=\"(max-width: 300px) 100vw, 300px\" \/><\/a><p id=\"caption-attachment-949\" class=\"wp-caption-text\">Foto: LRA<\/p><\/div>\r\n<p>Ihre Anliegen und Anfragen k\u00f6nnen Sie weiterhin \u00fcber das Kontaktformular an das Jobcenter richten. Die Servicestellen im Kommunalen Jobcenter in Meiningen und Schmalkalden sind unter 03693 485 8444 erreichbar.<\/p>\r\n<p><strong>Das Kommunale Jobcenter hat f\u00fcr die Standorte Meiningen und Schmalkalden folgende Servicezeiten:<\/strong><\/p>\r\n<p>\n<table id=\"tablepress-11\" class=\"tablepress tablepress-id-11\">\n<tbody>\n<tr class=\"row-1\">\n\t<td class=\"column-1\">Montag bis Mittwoch<\/td><td class=\"column-2\">8:30 Uhr bis 12 Uhr<\/td><td class=\"column-3\">und<\/td><td class=\"column-4\">13:00 Uhr bis 15:30 Uhr<\/td>\n<\/tr>\n<tr class=\"row-2\">\n\t<td class=\"column-1\">Donnerstag<\/td><td class=\"column-2\">8:30 Uhr bis 12 Uhr<\/td><td class=\"column-3\">und<\/td><td class=\"column-4\">13:00 Uhr bis 17:30 Uhr<\/td>\n<\/tr>\n<tr class=\"row-3\">\n\t<td class=\"column-1\">Freitag<\/td><td class=\"column-2\">8:30 Uhr bis 12 Uhr<\/td><td class=\"column-3\"><\/td><td class=\"column-4\"><\/td>\n<\/tr>\n<\/tbody>\n<\/table>\n<!-- #tablepress-11 from cache --><br \/><div  class=\"mp-row-fluid motopress-row\"><\/p>\r\n<p><div class=\"mp-span10 motopress-clmn\"><\/p>\r\n<p><div class=\"motopress-accordion-obj motopress-accordion\" id=\"69fafe02ad6cd\"><\/p>\r\n<p><div class=\"motopress-accordion-item\"><h3>Adresse Kommunales Jobcenter \/ Standort Meiningen<\/h3><div><\/p>\r\n<p>Landratsamt Schmalkalden-Meiningen<br \/>Kommunales Jobcenter<br \/>Obertsh\u00e4user Platz 1<br \/>98617 Meiningen<br \/>Tel.: 03693 485 8444<br \/>E-Mail: <a href=\"mailto:sst_jobcenter@lra-sm.de\">sst_jobcenter(a)lra-sm.de<\/a><\/p>\r\n<p><a href=\"https:\/\/jobcenter.lra-sm.de\/wp-content\/uploads\/2020\/10\/Einwilligung-E-Mail-Kommunikation.pdf\" download=\"=\"><strong>Einwilligung<\/strong><\/a> zur Nutzung der E-Mail-Kommunikation mit dem Kommunalen Jobcenter<\/p>\r\n<p><a href=\"https:\/\/jobcenter.lra-sm.de\/?page_id=246\">Kontaktformular<\/a><\/p>\r\n<p><\/div><\/div><\/p>\r\n<p><div class=\"motopress-accordion-item\"><h3>Adresse Kommunales Jobcenter \/ Standort Schmalkalden<\/h3><div><\/p>\r\n<p>Landratsamt Schmalkalden-Meiningen<br \/>Kommunales Jobcenter &#8211; Gesch\u00e4ftsstelle Schmalkalden<br \/>Sandgasse 2<br \/>98574 Schmalkalden<br \/>Tel.: 03683 682 215<br \/>E-Mail: <a href=\"mailto:sst_jobcenter@lra-sm.de\">sst_jobcenter(a)lra-sm.de<\/a><\/p>\r\n<p><a href=\"https:\/\/jobcenter.lra-sm.de\/wp-content\/uploads\/2020\/10\/Einwilligung-E-Mail-Kommunikation.pdf\" download=\"=\"><strong>Einwilligung<\/strong><\/a>\u00a0zur Nutzung der E-Mail-Kommunikation mit dem Kommunalen Jobcenter<\/p>\r\n<p><a href=\"https:\/\/jobcenter.lra-sm.de\/?page_id=246\">Kontaktformular<\/a><\/p>\r\n<p><\/div><\/div><\/p>\r\n<p><div class=\"motopress-accordion-item\"><h3>Merkblatt Grundsicherung f\u00fcr Arbeitsuchende SGB II des Kommunalen Jobcenters<\/h3><div><\/p>\r\n<p><a href=\"https:\/\/jobcenter.lra-sm.de\/wp-content\/uploads\/2024\/06\/LRA-Merkblatt-SGB-II_06-2024-1.pdf\" download=\"\"><img loading=\"lazy\" decoding=\"async\" class=\"alignnone size-medium wp-image-6232\" src=\"https:\/\/jobcenter.lra-sm.de\/wp-content\/uploads\/2024\/06\/Merkblatt-Deckblatt-214x300.png\" alt=\"\" width=\"214\" height=\"300\" \/><\/a><\/p>\r\n<p>&nbsp;<\/p>\r\n<p><\/div><\/div><\/p>\r\n<p><p class=\"motopress-hide-script\"><script type=\"text\/javascript\">\r\n                jQuery(document).ready(function($) {\r\n                    var mpAccordion = $(\".motopress-accordion-obj#69fafe02ad6cd\");\r\n                    if (mpAccordion.data(\"uiAccordion\")) {\r\n                        mpAccordion.accordion(\"destroy\");\r\n                    }\r\n                    mpAccordion.accordion({\r\n                        active: false,\r\n                        collapsible: true,\r\n                        header: \"> div > h3\",\r\n                        heightStyle: \"content\"\r\n                    });\r\n                });\r\n                <\/script><\/p><\/div><\/p>\r\n<p><\/div><\/p>\r\n<p><div class=\"mp-span6 motopress-clmn\"><\/p>\r\n<p><div class=\"motopress-accordion-obj motopress-accordion\" id=\"69fafe02ad783\"><\/div><\/p>\r\n<p><\/div><\/p>\r\n<p><\/div><\/p>\r\n<div  class=\"mp-row-fluid motopress-row\">\n\r\n\r\n<div class=\"mp-span10 motopress-clmn\">\n\r\n\r\n\r\n<p><div class=\"motopress-accordion-obj motopress-accordion\" id=\"69fafe02ad7d1\"><\/p>\r\n\r\n\r\n<div class=\"motopress-accordion-item\">\n<h3>Informationen nach der DSGVO<\/h3>\n<div>\n\r\n\r\n\r\n<p><a href=\"https:\/\/jobcenter.lra-sm.de\/wp-content\/uploads\/2026\/02\/Vorlage-Infopflicht-Art.-13-und-14-DSGVO.pdf\" download=\"\">Informationen nach der DSGVO<\/a><\/p>\r\n\r\n\r\n\r\n<p><\/div><\/div><\/p>\r\n\r\n\r\n\r\n<p><p class=\"motopress-hide-script\"><script type=\"text\/javascript\">\r\n                jQuery(document).ready(function($) {\r\n                    var mpAccordion = $(\".motopress-accordion-obj#69fafe02ad7d1\");\r\n                    if (mpAccordion.data(\"uiAccordion\")) {\r\n                        mpAccordion.accordion(\"destroy\");\r\n                    }\r\n                    mpAccordion.accordion({\r\n                        active: false,\r\n                        collapsible: true,\r\n                        header: \"> div > h3\",\r\n                        heightStyle: \"content\"\r\n                    });\r\n                });\r\n                <\/script><\/p><\/div><br \/><\/div><br \/><\/div><\/p>\r\n","protected":false},"excerpt":{"rendered":"Das Kommunale Jobcenter mit der Au\u00dfenstelle Schmalkalden bzw. die Schuldner- und Verbraucherinsolvenzberatung sind f\u00fcr eine pers\u00f6nliche Vorsprache nur mit vorheriger Terminvereinbarung zug\u00e4nglich. Grunds\u00e4tzlich gelten die \u00fcblichen Dienstzeiten von Montag bis Freitag. Um Ihnen unn\u00f6tige Wartezeiten zu ersparen, nutzen Sie bitte die Online-Terminbuchung. Dienstleistungen und Beratungen werden auch telefonisch, digital, per Mail oder Post geleistet.Zutritt zum [&hellip;]","protected":false},"author":4,"featured_media":0,"parent":0,"menu_order":0,"comment_status":"closed","ping_status":"closed","template":"","meta":{"_et_pb_use_builder":"","_et_pb_old_content":"","_et_gb_content_width":"","footnotes":""},"class_list":["post-244","page","type-page","status-publish","hentry"],"_links":{"self":[{"href":"https:\/\/jobcenter.lra-sm.de\/index.php?rest_route=\/wp\/v2\/pages\/244","targetHints":{"allow":["GET"]}}],"collection":[{"href":"https:\/\/jobcenter.lra-sm.de\/index.php?rest_route=\/wp\/v2\/pages"}],"about":[{"href":"https:\/\/jobcenter.lra-sm.de\/index.php?rest_route=\/wp\/v2\/types\/page"}],"author":[{"embeddable":true,"href":"https:\/\/jobcenter.lra-sm.de\/index.php?rest_route=\/wp\/v2\/users\/4"}],"replies":[{"embeddable":true,"href":"https:\/\/jobcenter.lra-sm.de\/index.php?rest_route=%2Fwp%2Fv2%2Fcomments&post=244"}],"version-history":[{"count":14,"href":"https:\/\/jobcenter.lra-sm.de\/index.php?rest_route=\/wp\/v2\/pages\/244\/revisions"}],"predecessor-version":[{"id":6577,"href":"https:\/\/jobcenter.lra-sm.de\/index.php?rest_route=\/wp\/v2\/pages\/244\/revisions\/6577"}],"wp:attachment":[{"href":"https:\/\/jobcenter.lra-sm.de\/index.php?rest_route=%2Fwp%2Fv2%2Fmedia&parent=244"}],"curies":[{"name":"wp","href":"https:\/\/api.w.org\/{rel}","templated":true}]}}