{"id":2269,"date":"2018-05-18T08:22:01","date_gmt":"2018-05-18T08:22:01","guid":{"rendered":"http:\/\/www.lra-sm.de\/jobcenter\/?page_id=2269"},"modified":"2018-09-03T07:28:31","modified_gmt":"2018-09-03T07:28:31","slug":"gelungene-integration","status":"publish","type":"page","link":"https:\/\/jobcenter.lra-sm.de\/?page_id=2269","title":{"rendered":"Gelungene Integration"},"content":{"rendered":"<div id=\"attachment_2266\" style=\"width: 3893px\" class=\"wp-caption aligncenter\"><a href=\"https:\/\/jobcenter.lra-sm.de\/wp-content\/uploads\/2018\/05\/DSC_0042-Kopie-2_ok.jpg\"><img loading=\"lazy\" decoding=\"async\" aria-describedby=\"caption-attachment-2266\" class=\"wp-image-2266 size-full\" src=\"https:\/\/jobcenter.lra-sm.de\/wp-content\/uploads\/2018\/05\/DSC_0042-Kopie-2_ok.jpg\" alt=\"\" width=\"3883\" height=\"2715\" \/><\/a><p id=\"caption-attachment-2266\" class=\"wp-caption-text\">Emad Al Dawudi mit Antje Vogler, seiner Ansprechpartnerin im Kommunalen Jobcenter des Landkreises Schmalkalden-Meiningen. Die Freude \u00fcber die gelungene Arbeitsaufnahme ist auf beiden Seiten gro\u00df. Foto: Scholze\/Jobcenter<\/p><\/div>\n<p>\u201eMeine Arbeit ist wundervoll!\u201c Emad Al Dawudis Augen strahlen, wenn er diese Worte sagt und man sp\u00fcrt seine Freude dar\u00fcber, in Deutschland einen Arbeitsplatz gefunden zu haben und auf keine finanzielle Hilfe mehr angewiesen zu sein. Ende Februar dieses Jahres unterschrieb der geb\u00fcrtige Iraker bei der City Schutz GmbH einen vorerst f\u00fcr ein Jahr befristeten Arbeitsvertrag und nimmt seitdem die verantwortungsvollen Aufgaben als Sicherheitsmitarbeiter wahr. Mit Unterst\u00fctzung seiner Sachbearbeiterin im Jobcenter Antje Vogler kam das Besch\u00e4ftigungsverh\u00e4ltnis zustande, aber bis es soweit war, hatte Emad Al Dawudi einige Herausforderungen zu bestehen. Uns berichtet er von seinen Erlebnissen, er erz\u00e4hlt uns, dem Jobcenter, seine Geschichte.<\/p>\n<p>Der 34-j\u00e4hrige Iraker ist einer von zahlreichen gefl\u00fcchteten und asylberechtigten Menschen, die im Landkreis Schmalkalden-Meiningen leben. Nicht jeder schaffte es bislang, eine Arbeit zu finden, um eigenst\u00e4ndig f\u00fcr sich sorgen zu k\u00f6nnen. Die Gr\u00fcnde daf\u00fcr sind verschieden. Emad Al Dawudi m\u00f6chte mit seinem erfolgreichen Werdegang den Fl\u00fcchtlingen Mut zusprechen und sie dazu ermuntern, ihre Chance zu nutzen.<\/p>\n<p>Sein Heimatland, seine Eltern und Geschwister musste Emad Al Dawudi vor zwei Jahren zur\u00fccklassen und faktisch \u00fcber Nacht fliehen. Er sagt, er hatte als Dolmetscher in seinem Land das US-Milit\u00e4r unterst\u00fctzt, woraufhin die Anh\u00e4nger der ISIS nach seinem Leben trachteten. Er war in Gefahr. Um sich zu retten, habe er fl\u00fcchten m\u00fcssen.<\/p>\n<p>Zwei Monate lang war er \u00fcberwiegend zu Fu\u00df unterwegs. Sein Weg f\u00fchrte durch mehrere L\u00e4nder. Er berichtet von Angst, von waghalsigen Boottransporten, von Fl\u00fcchtlingslagern und von der qu\u00e4lenden Ungewissheit, wie es seiner Familie in seiner Heimat geht. In Deutschland angekommen, fand er Erstaufnahme in der Fl\u00fcchtlingsunterkunft Gera. Schlie\u00dflich wurde er der Stadt Meiningen zugewiesen, um sich hier in Sicherheit zu wissen, um das Erlebte zu verarbeiten, um sich neue Lebensziele stecken zu k\u00f6nnen.<\/p>\n<p>Ins Jobcenter kam Emad Al Dawudi erstmals im Mai 2016. F\u00fcr ihn als Fremden war es nicht einfach, die unbekannte Kultur zu verstehen und die deutschen Gepflogenheiten zu erlernen. Im Integrationskurs und im Sprachkurs sollte er die ersten \u201edeutschen Schritte\u201c gehen. Ihm wurde schnell bewusst, dass er die deutsche Sprache lernen m\u00fcsse, um sich verst\u00e4ndigen und eine Arbeit aufnehmen zu k\u00f6nnen. Die Pr\u00fcfungen bestand er erfolgreich. Als seine Sachbearbeiterin des Jobcenters ihm ein \u00f6ffentlich ausgeschriebenes Stellenangebot im Sicherheitsgewerbe unterbreitete, wuchs in ihm neue Hoffnung, die ihm Kraft und Aufschwung verlieh.<\/p>\n<p>\u201eHerr Al Dawudi ist ein Musterbeispiel\u201c, sagt Antje Vogler, die ihren \u201eSch\u00fctzling\u201c mit einem Augenzwinkern Vater Theresa nennt. \u201eEr ist aufgeschlossen und hilft anderen Fl\u00fcchtlingen, gibt ihnen Hinweise und Informationen, motiviert sie und leistet Sch\u00fctzenhilfe unabh\u00e4ngig ihrer Herkunft. Das ist au\u00dfergew\u00f6hnlich\u201c, betont sie. Als seine Sachbearbeiterin war sie die erste Ansprechpartnerin im Jobcenter, und nun sollte vielleicht eine Arbeitsaufnahme gelingen? Sie gab ihm wertvolle Tipps f\u00fcr Bewerbung und Vorstellungsgespr\u00e4ch. Unterst\u00fctzung fand er ebenso von den Mitarbeiterinnen und Mitarbeitern des Bildungstr\u00e4gers SBH S\u00fcdost GmbH, die mit ihm die Bewerbungsunterlagen erstellten und das Bewerbungsgespr\u00e4ch trainierten.<\/p>\n<p>Die M\u00fchen lohnten sich, der Arbeitgeber w\u00fcnschte einen Arbeitstest. Emad Al Dawudi sollte in der Erstaufnahmestelle f\u00fcr Fl\u00fcchtlinge in Suhl auf dem Friedberg als Sicherheitsmitarbeiter erprobt werden. Der Test verlief sehr positiv, so dass sich die Beteiligten einig waren, ein Arbeitsverh\u00e4ltnis anzustreben. Der k\u00fcnftige Mitarbeiter wurde nun auf den Arbeitsplatz gezielt vorbereitet, dazu nahm er u.a. an einer Unterrichtung von Bewachungspersonal teil.\u00a0 Diese Schulung bef\u00e4higt den Arbeitnehmer dazu, die Sachkundepr\u00fcfung im Sicherheitsgewerbe zu erlangen.<\/p>\n<p>Am 26. Februar hatte Emad Al Dawudi seinen ersten Arbeitstag als Sicherheitsmitarbeiter. Ihm wurden Aufgaben zur vorbeugenden Schadensverh\u00fctung, Objektbewachung, zum Revierdienst sowie Pforten- und Empfangsdienst \u00fcbertragen. Objektleiter Enrico M\u00fcller ist sehr zufrieden mit seinem neuen Mitarbeiter, weil dieser gewissenhaft und zuverl\u00e4ssig seinen Dienst leistet. Dar\u00fcber hinaus profitieren das Sicherheitsunternehmen und die Einrichtung von Al Dawudis Fremdsprachkenntnissen, denn der Iraker spricht inzwischen nicht nur recht gut Deutsch, sondern beherrscht dar\u00fcber hinaus noch sechs weitere Sprachen.<\/p>\n<p>Emad Al Dawudi kann heute selbst f\u00fcr seinen Lebensunterhalt sorgen. Er ist nicht mehr auf finanzielle Hilfe angewiesen. Eine erfolgreiche Integration einer asylberechtigten Person geschieht nicht von heute auf morgen. Seine Offenheit aber, sein Flei\u00df und sein Durchhalteverm\u00f6gen haben sich letzten Endes f\u00fcr ihn ausgezahlt.<\/p>\n<p>Als Emad Al Dawudi im Jobcenter seine Erz\u00e4hlungen beendet, bleiben wir mit teils gemischten Gef\u00fchlen zur\u00fcck. Manchmal wurde es im Gespr\u00e4ch mit ihm recht still. Unvorstellbar f\u00fcr uns die Situationen mit Flucht, \u00c4ngsten und mit unsagbarer Sehnsucht zur Familie. In Erinnerung aber bleibt ein offenherziger Mensch mit einem \u00fcberaus freundlichen L\u00e4cheln.<\/p>\n","protected":false},"excerpt":{"rendered":"\u201eMeine Arbeit ist wundervoll!\u201c Emad Al Dawudis Augen strahlen, wenn er diese Worte sagt und man sp\u00fcrt seine Freude dar\u00fcber, in Deutschland einen Arbeitsplatz gefunden zu haben und auf keine finanzielle Hilfe mehr angewiesen zu sein. Ende Februar dieses Jahres unterschrieb der geb\u00fcrtige Iraker bei der City Schutz GmbH einen vorerst f\u00fcr ein Jahr befristeten [&hellip;]","protected":false},"author":5,"featured_media":0,"parent":1343,"menu_order":0,"comment_status":"closed","ping_status":"closed","template":"fuer_arbeitsuchende.php","meta":{"_et_pb_use_builder":"","_et_pb_old_content":"","_et_gb_content_width":"","footnotes":""},"class_list":["post-2269","page","type-page","status-publish","hentry"],"_links":{"self":[{"href":"https:\/\/jobcenter.lra-sm.de\/index.php?rest_route=\/wp\/v2\/pages\/2269","targetHints":{"allow":["GET"]}}],"collection":[{"href":"https:\/\/jobcenter.lra-sm.de\/index.php?rest_route=\/wp\/v2\/pages"}],"about":[{"href":"https:\/\/jobcenter.lra-sm.de\/index.php?rest_route=\/wp\/v2\/types\/page"}],"author":[{"embeddable":true,"href":"https:\/\/jobcenter.lra-sm.de\/index.php?rest_route=\/wp\/v2\/users\/5"}],"replies":[{"embeddable":true,"href":"https:\/\/jobcenter.lra-sm.de\/index.php?rest_route=%2Fwp%2Fv2%2Fcomments&post=2269"}],"version-history":[{"count":0,"href":"https:\/\/jobcenter.lra-sm.de\/index.php?rest_route=\/wp\/v2\/pages\/2269\/revisions"}],"up":[{"embeddable":true,"href":"https:\/\/jobcenter.lra-sm.de\/index.php?rest_route=\/wp\/v2\/pages\/1343"}],"wp:attachment":[{"href":"https:\/\/jobcenter.lra-sm.de\/index.php?rest_route=%2Fwp%2Fv2%2Fmedia&parent=2269"}],"curies":[{"name":"wp","href":"https:\/\/api.w.org\/{rel}","templated":true}]}}