{"id":1343,"date":"2026-02-16T05:00:31","date_gmt":"2026-02-16T05:00:31","guid":{"rendered":"http:\/\/www.lra-sm.de\/jobcenter\/?page_id=1343"},"modified":"2026-02-16T10:30:38","modified_gmt":"2026-02-16T10:30:38","slug":"integration-neuzugewanderter","status":"publish","type":"page","link":"https:\/\/jobcenter.lra-sm.de\/?page_id=1343","title":{"rendered":"F\u00fcr Migranten\/ For migrants"},"content":{"rendered":"<p><strong>L\u00e4cheln ist die urspr\u00fcnglichste Form von Kommunikation.<\/strong><\/p>\r\n<p>Daher begr\u00fc\u00dfen Sie unsere Mitarbeiter gern mit einem L\u00e4cheln und freuen sich, wenn auch ihnen mit einem L\u00e4cheln begegnet wird.<\/p>\r\n<p>Wenn Sie im Kommunalen Jobcenter betreut werden und aufgrund Ihres Aufenthaltsstatus Leistungen nach dem SGB II erhalten, so bedeutet dies, dass Deutschland zumindest f\u00fcr eine gewisse Zeit Ihr Zuhause sein wird. Es ist eine wesentliche Aufgabe unserer Mitarbeiter, Sie in Ihrem individuellen Integrationsprozess zu unterst\u00fctzen und zu f\u00f6rdern.<\/p>\r\n<p>Ein erster wichtiger Schritt in diesem Zusammenhang ist die Teilnahme an einem Integrationskurs. Dieser bildet die Basis f\u00fcr jede weitere Form der Integrations- und Zusammenarbeit.<\/p>\r\n<p>F\u00fcr eine berufliche Integration ben\u00f6tigen Menschen eine individuelle Beratung, Begleitung und Unterst\u00fctzung. Beginnend mit dem Erlernen der deutschen Sprache, dem Nachholen oder Anerkennen von Schul- und Berufsabschl\u00fcssen bis hin zur Arbeitserprobung bei einem Arbeitgeber stellen wir Ihnen ein breites Spektrum an Angeboten zur Verf\u00fcgung.<br \/>Wir unterst\u00fctzen Sie gerne mit einer pers\u00f6nlichen Beratung und der anschlie\u00dfenden passgenauen F\u00f6rderung f\u00fcr eine erfolgreiche Integration in Arbeit.<\/p>\r\n<p><strong>A smile is the simplest form of communication.<\/strong><\/p>\r\n<p>A smile is the simplest form of communication; therefore our staff will greet you with a smile and are happy to be greeted in the same manner.<\/p>\r\n<p>If your residency status according to SGB II regulation indicates that you are receiving support (funds) from a local job center, then for that certain time frame you can consider Germany your home. An essential part of our employee\u00b4s job is to help and support you in your personal integration process.<\/p>\r\n<p>The first step in your integration process is to attend and participate in an integration course. This is the base understanding of the integration process as well as other aspects of cultural and societal integration.<\/p>\r\n<p>The different professional support systems that we have accessible: German language course, individual counseling, professional and personal consultation, guidance and support, as well as a wide spectrum of other departments. When it comes to finding employment we can help you with further education classes, determining your occupational\/ vocational qualifications, look over your employment transcripts, facilitate a smooth transition into the workforce and help find suitable employment.<\/p>\r\n<div id=\"attachment_1412\" style=\"width: 614px\" class=\"wp-caption aligncenter\"><a href=\"https:\/\/jobcenter.lra-sm.de\/wp-content\/uploads\/2016\/10\/IMG_5192_verkleinert.jpg\"><img loading=\"lazy\" decoding=\"async\" aria-describedby=\"caption-attachment-1412\" class=\"wp-image-1412 size-large\" src=\"https:\/\/jobcenter.lra-sm.de\/wp-content\/uploads\/2016\/10\/IMG_5192_verkleinert-1024x682.jpg\" alt=\"Im Integrationskurs der Volkshochschule lernen die Teilnehmer die deutsche Sprache und einige wichtige Dinge \u00fcber Deutschland. Foto: Volkshochschule &quot;Eduard Weitsch&quot; Schmalkalden-Meiningen\" width=\"604\" height=\"402\" srcset=\"https:\/\/jobcenter.lra-sm.de\/wp-content\/uploads\/2016\/10\/IMG_5192_verkleinert-1024x682.jpg 1024w, https:\/\/jobcenter.lra-sm.de\/wp-content\/uploads\/2016\/10\/IMG_5192_verkleinert-300x200.jpg 300w, https:\/\/jobcenter.lra-sm.de\/wp-content\/uploads\/2016\/10\/IMG_5192_verkleinert-768x512.jpg 768w, https:\/\/jobcenter.lra-sm.de\/wp-content\/uploads\/2016\/10\/IMG_5192_verkleinert.jpg 2000w\" sizes=\"(max-width: 604px) 100vw, 604px\" \/><\/a><p id=\"caption-attachment-1412\" class=\"wp-caption-text\">Im Integrationskurs der Volkshochschule lernen die Teilnehmer die deutsche Sprache und einige wichtige Dinge \u00fcber Deutschland. Foto: Volkshochschule &#8222;Eduard Weitsch&#8220; Schmalkalden-Meiningen<\/p><\/div>\r\n<p><div  class=\"mp-row-fluid motopress-row\"><\/p>\r\n<p><div class=\"mp-span10 motopress-clmn\"><br \/><div class=\"motopress-accordion-obj motopress-accordion\" id=\"69e0dd3f13d2f\"><\/p>\r\n<p><div class=\"motopress-accordion-item\"><h3>Kontakt \/ contact<\/h3><div><br \/><strong>Meiningen:<br \/><\/strong>Landratsamt Schmalkalden-Meiningen<br \/>Fachbereich Arbeit &#8211; FD Eingliederung in Arbeit Meiningen<br \/>Obertsh\u00e4user Platz 1<br \/>98617 Meiningen<br \/>Tel.: 03693 \u00a0485 8444<br \/>E-Mail: <a href=\"mailto:sst_jobcenter@lra-sm.de\">sst_jobcenter(a)lra-sm.de<\/a><\/p>\r\n<p><strong><a href=\"https:\/\/jobcenter.lra-sm.de\/wp-content\/uploads\/2020\/10\/Einwilligung-E-Mail-Kommunikation.pdf\" download=\"=\">Einwilligung<\/a>\u00a0<\/strong>der Nutzung der E-Mail-Kommunikation mit dem Kommunalen Jobcenter<\/p>\r\n<p>Please use the <strong><a href=\"https:\/\/jobcenter.lra-sm.de\/?page_id=246\">form<\/a><\/strong> to contact us.<\/p>\r\n<p><\/div><\/div><\/p>\r\n<p><div class=\"motopress-accordion-item\"><h3>Information nach der DSGVO<\/h3><div><\/p>\r\n<p><a href=\"https:\/\/jobcenter.lra-sm.de\/wp-content\/uploads\/2026\/02\/Vorlage-Infopflicht-Art.-13-und-14-DSGVO.pdf\" download=\"\">Information nach der DSGVO<\/a><\/p>\r\n<p><\/div><\/div><\/p>\r\n<p><div class=\"motopress-accordion-item\"><h3>Merkblatt Grundsicherung f\u00fcr Arbeitsuchende SGB II des Kommunalen Jobcenters<\/h3><div><\/p>\r\n<p><a href=\"https:\/\/jobcenter.lra-sm.de\/wp-content\/uploads\/2024\/06\/LRA-Merkblatt-SGB-II_06-2024-1.pdf\" download=\"\"><img loading=\"lazy\" decoding=\"async\" class=\"alignnone size-medium wp-image-6232\" src=\"https:\/\/jobcenter.lra-sm.de\/wp-content\/uploads\/2024\/06\/Merkblatt-Deckblatt-214x300.png\" alt=\"\" width=\"214\" height=\"300\" \/><\/a><\/p>\r\n<p>&nbsp;<\/p>\r\n<p><\/div><\/div><\/p>\r\n<p><div class=\"motopress-accordion-item\"><h3>Formulare \/ forms<\/h3><div><\/p>\r\n<p><a href=\"https:\/\/jobcenter.lra-sm.de\/wp-content\/uploads\/2019\/07\/Ver\u00e4nderungsmitteilung-ALG-II.pdf\" download=\"\">notification-of-change-imperative<\/a><\/p>\r\n<p><\/div><\/div><\/p>\r\n<p><p class=\"motopress-hide-script\"><script type=\"text\/javascript\">\r\n                jQuery(document).ready(function($) {\r\n                    var mpAccordion = $(\".motopress-accordion-obj#69e0dd3f13d2f\");\r\n                    if (mpAccordion.data(\"uiAccordion\")) {\r\n                        mpAccordion.accordion(\"destroy\");\r\n                    }\r\n                    mpAccordion.accordion({\r\n                        active: false,\r\n                        collapsible: true,\r\n                        header: \"> div > h3\",\r\n                        heightStyle: \"content\"\r\n                    });\r\n                });\r\n                <\/script><\/p><\/div><br \/><\/div><br \/><\/div><\/p>\r\n<p><strong>Merkbl\u00e4tter\/ Informationen\/ informations:<\/strong><\/p>\r\n<p><div  class=\"mp-row-fluid motopress-row\"><\/p>\r\n<p><div class=\"mp-span10 motopress-clmn\"><br \/><div class=\"motopress-accordion-obj motopress-accordion\" id=\"69e0dd3f13e62\"><\/p>\r\n<p><div class=\"motopress-accordion-item\"><h3>arabisch<\/h3><div><\/p>\r\n<p><a href=\"https:\/\/jobcenter.lra-sm.de\/wp-content\/uploads\/2020\/02\/Hinweisblatt-geplanter-Umzug_Stand-08_2019_AR_LEK.pdf\" download=\"\">Hinweisblatt geplanter Umzug<\/a><\/p>\r\n<p><\/div><\/div><\/p>\r\n<p><div class=\"motopress-accordion-item\"><h3>bulgarisch<\/h3><div><\/p>\r\n<p><a href=\"https:\/\/jobcenter.lra-sm.de\/wp-content\/uploads\/2020\/02\/Hinweisblatt-geplanter-Umzug_Stand-08_2019_BG_LEK.pdf\" download=\"\">Hinweisblatt geplanter Umzug<\/a><\/p>\r\n<p><\/div><\/div><\/p>\r\n<p><div class=\"motopress-accordion-item\"><h3>Dari<\/h3><div><\/p>\r\n<p><a href=\"https:\/\/jobcenter.lra-sm.de\/wp-content\/uploads\/2020\/02\/Hinweisblatt-geplanter-Umzug_Stand-08_2019_DA_LEK.pdf\" download=\"\">Hinweisblatt geplanter Umzug<\/a><\/p>\r\n<p><\/div><\/div><\/p>\r\n<p><div class=\"motopress-accordion-item\"><h3>deutsch<\/h3><div><\/p>\r\n<p><a href=\"https:\/\/jobcenter.lra-sm.de\/wp-content\/uploads\/2020\/02\/Hinweisblatt-geplanter-Umzug_Stand-08_2019.pdf\" download=\"\">Hinweisblatt geplanter Umzug<\/a><\/p>\r\n<p><\/div><\/div><\/p>\r\n<p><div class=\"motopress-accordion-item\"><h3>englich<\/h3><div><\/p>\r\n<p><a href=\"https:\/\/jobcenter.lra-sm.de\/wp-content\/uploads\/2020\/02\/Hinweisblatt-geplanter-Umzug_Stand-08_2019-EN_LEK.pdf\" download=\"\">Hinweisblatt geplanter Umzug<\/a><\/p>\r\n<p><\/div><\/div><\/p>\r\n<p><div class=\"motopress-accordion-item\"><h3>Farsi<\/h3><div><\/p>\r\n<p><a href=\"https:\/\/jobcenter.lra-sm.de\/wp-content\/uploads\/2020\/02\/Hinweisblatt-geplanter-Umzug_Stand-08_2019_FA_LEK.pdf\" download=\"\">Hinweisblatt geplanter Umzug<\/a><\/p>\r\n<p><\/div><\/div><\/p>\r\n<p><div class=\"motopress-accordion-item\"><h3>Kurmanci<\/h3><div><\/p>\r\n<p><a href=\"https:\/\/jobcenter.lra-sm.de\/wp-content\/uploads\/2020\/02\/Hinweisblatt-geplanter-Umzug_Stand-08_2019_KU_LEK.pdf\" download=\"\">Hinweisblatt geplanter Umzug<\/a><\/p>\r\n<p><\/div><\/div><\/p>\r\n<p><div class=\"motopress-accordion-item\"><h3>Paschtu<\/h3><div><\/p>\r\n<p><a href=\"https:\/\/jobcenter.lra-sm.de\/wp-content\/uploads\/2020\/02\/Hinweisblatt-geplanter-Umzug_Stand-08_2019_PA_LEK.pdf\" download=\"\">Hinweisblatt geplanter Umzug<\/a><\/p>\r\n<p><\/div><\/div><\/p>\r\n<p><div class=\"motopress-accordion-item\"><h3>rum\u00e4nisch<\/h3><div><\/p>\r\n<p><a href=\"https:\/\/jobcenter.lra-sm.de\/wp-content\/uploads\/2020\/02\/Hinweisblatt-geplanter-Umzug_Stand-08_2019_RO_LEK.pdf\" download=\"\">Hinweisblatt geplanter Umzug<\/a><\/p>\r\n<p><\/div><\/div><\/p>\r\n<p><div class=\"motopress-accordion-item\"><h3>Sorani<\/h3><div><\/p>\r\n<p><a href=\"https:\/\/jobcenter.lra-sm.de\/wp-content\/uploads\/2020\/02\/Hinweisblatt-geplanter-Umzug_Stand-08_2019_SO_LEK.pdf\" download=\"\">Hinweisblatt geplanter Umzug<\/a><\/p>\r\n<p><\/div><\/div><\/p>\r\n<p><div class=\"motopress-accordion-item\"><h3>Tigrinya<\/h3><div><\/p>\r\n<p><a href=\"https:\/\/jobcenter.lra-sm.de\/wp-content\/uploads\/2020\/02\/Hinweisblatt-geplanter-Umzug_Stand-08_2019_TI_LEK.pdf\" download=\"\">Hinweisblatt geplanter Umzug<\/a><\/p>\r\n<p>&nbsp;<\/p>\r\n\r\n<p><\/div><\/div><\/p>\r\n\r\n\r\n\r\n<p><p class=\"motopress-hide-script\"><script type=\"text\/javascript\">\r\n                jQuery(document).ready(function($) {\r\n                    var mpAccordion = $(\".motopress-accordion-obj#69e0dd3f13e62\");\r\n                    if (mpAccordion.data(\"uiAccordion\")) {\r\n                        mpAccordion.accordion(\"destroy\");\r\n                    }\r\n                    mpAccordion.accordion({\r\n                        active: false,\r\n                        collapsible: true,\r\n                        header: \"> div > h3\",\r\n                        heightStyle: \"content\"\r\n                    });\r\n                });\r\n                <\/script><\/p><\/div><br \/><\/div><br \/><\/div><\/p>\r\n","protected":false},"excerpt":{"rendered":"L\u00e4cheln ist die urspr\u00fcnglichste Form von Kommunikation. Daher begr\u00fc\u00dfen Sie unsere Mitarbeiter gern mit einem L\u00e4cheln und freuen sich, wenn auch ihnen mit einem L\u00e4cheln begegnet wird. Wenn Sie im Kommunalen Jobcenter betreut werden und aufgrund Ihres Aufenthaltsstatus Leistungen nach dem SGB II erhalten, so bedeutet dies, dass Deutschland zumindest f\u00fcr eine gewisse Zeit Ihr [&hellip;]","protected":false},"author":5,"featured_media":0,"parent":0,"menu_order":0,"comment_status":"closed","ping_status":"closed","template":"","meta":{"_et_pb_use_builder":"","_et_pb_old_content":"","_et_gb_content_width":"","footnotes":""},"class_list":["post-1343","page","type-page","status-publish","hentry"],"_links":{"self":[{"href":"https:\/\/jobcenter.lra-sm.de\/index.php?rest_route=\/wp\/v2\/pages\/1343","targetHints":{"allow":["GET"]}}],"collection":[{"href":"https:\/\/jobcenter.lra-sm.de\/index.php?rest_route=\/wp\/v2\/pages"}],"about":[{"href":"https:\/\/jobcenter.lra-sm.de\/index.php?rest_route=\/wp\/v2\/types\/page"}],"author":[{"embeddable":true,"href":"https:\/\/jobcenter.lra-sm.de\/index.php?rest_route=\/wp\/v2\/users\/5"}],"replies":[{"embeddable":true,"href":"https:\/\/jobcenter.lra-sm.de\/index.php?rest_route=%2Fwp%2Fv2%2Fcomments&post=1343"}],"version-history":[{"count":9,"href":"https:\/\/jobcenter.lra-sm.de\/index.php?rest_route=\/wp\/v2\/pages\/1343\/revisions"}],"predecessor-version":[{"id":6586,"href":"https:\/\/jobcenter.lra-sm.de\/index.php?rest_route=\/wp\/v2\/pages\/1343\/revisions\/6586"}],"wp:attachment":[{"href":"https:\/\/jobcenter.lra-sm.de\/index.php?rest_route=%2Fwp%2Fv2%2Fmedia&parent=1343"}],"curies":[{"name":"wp","href":"https:\/\/api.w.org\/{rel}","templated":true}]}}